{"id":7829,"date":"2020-05-26T12:14:07","date_gmt":"2020-05-26T10:14:07","guid":{"rendered":"https:\/\/restauranteasturianolagalana.es\/producto\/rosbif-tiede-emulsion-a-la-moutarde-et-oignon-marine\/"},"modified":"2026-04-09T10:49:19","modified_gmt":"2026-04-09T08:49:19","slug":"rosbif-tiede-emulsion-a-la-moutarde-et-oignon-marine","status":"publish","type":"product","link":"https:\/\/restauranteasturianolagalana.es\/fr\/producto\/rosbif-tiede-emulsion-a-la-moutarde-et-oignon-marine\/","title":{"rendered":"Rosbif ti\u00e8de, \u00e9mulsion \u00e0 la moutarde et oignon marin\u00e9"},"content":{"rendered":"<div class=\"vc_row wpb_row vc_inner row vc_custom_1577697363335 mpc-row\">\n<div class=\"wpb_column vc_column_container vc_col-sm-6 mpc-column\" data-column-id=\"mpc_column-725ed6b8018542f\">\n<div class=\"vc_column-inner \">\n<div class=\"wpb_wrapper\">\n<div class=\"list list-5ed6b8018535d bullet \">\n<ul>\n<li>Entrec\u00f4te<\/li>\n<li>Oeuf<\/li>\n<li>Pomme de terre<\/li>\n<li>Oignon rouge<\/li>\n<li>Moutarde ancienne<\/li>\n<\/ul>\n<\/div>\n<\/div>\n<\/div>\n<\/div>\n<div class=\"wpb_column vc_column_container vc_col-sm-6 mpc-column\" data-column-id=\"mpc_column-205ed6b801856cc\">\n<div class=\"vc_column-inner \">\n<div class=\"wpb_wrapper\">\n<div class=\"list list-5ed6b80185612 bullet \">\n<ul>\n<li>Sauce barbecue, huile d&rsquo;olive<\/li>\n<li>Huile de tournesol, sel, pousses<\/li>\n<li>Ketchup, poivre, sel<\/li>\n<li>Bouillon, cornichons<\/li>\n<\/ul>\n<\/div>\n<\/div>\n<\/div>\n<\/div>\n<\/div>\n","protected":false},"excerpt":{"rendered":"<p>Entrec\u00f4te Oeuf Pomme de terre Oignon rouge Moutarde ancienne Sauce barbecue, huile d&rsquo;olive Huile de tournesol, sel, pousses Ketchup, poivre, sel Bouillon, cornichons<\/p>\n","protected":false},"featured_media":7875,"template":"","meta":[],"product_brand":[],"product_cat":[220],"product_tag":[],"class_list":{"0":"post-7829","1":"product","2":"type-product","3":"status-publish","4":"has-post-thumbnail","6":"product_cat-printemp","8":"first","9":"instock","10":"taxable","11":"shipping-taxable","12":"purchasable","13":"product-type-simple"},"_links":{"self":[{"href":"https:\/\/restauranteasturianolagalana.es\/fr\/wp-json\/wp\/v2\/product\/7829","targetHints":{"allow":["GET"]}}],"collection":[{"href":"https:\/\/restauranteasturianolagalana.es\/fr\/wp-json\/wp\/v2\/product"}],"about":[{"href":"https:\/\/restauranteasturianolagalana.es\/fr\/wp-json\/wp\/v2\/types\/product"}],"wp:featuredmedia":[{"embeddable":true,"href":"https:\/\/restauranteasturianolagalana.es\/fr\/wp-json\/wp\/v2\/media\/7875"}],"wp:attachment":[{"href":"https:\/\/restauranteasturianolagalana.es\/fr\/wp-json\/wp\/v2\/media?parent=7829"}],"wp:term":[{"taxonomy":"product_brand","embeddable":true,"href":"https:\/\/restauranteasturianolagalana.es\/fr\/wp-json\/wp\/v2\/product_brand?post=7829"},{"taxonomy":"product_cat","embeddable":true,"href":"https:\/\/restauranteasturianolagalana.es\/fr\/wp-json\/wp\/v2\/product_cat?post=7829"},{"taxonomy":"product_tag","embeddable":true,"href":"https:\/\/restauranteasturianolagalana.es\/fr\/wp-json\/wp\/v2\/product_tag?post=7829"}],"curies":[{"name":"wp","href":"https:\/\/api.w.org\/{rel}","templated":true}]}}