{"id":7791,"date":"2020-05-26T11:09:09","date_gmt":"2020-05-26T09:09:09","guid":{"rendered":"https:\/\/restauranteasturianolagalana.es\/producto\/tortilla-de-mais-farcie-au-porc-asturien-effiloche-pulled-pork\/"},"modified":"2026-01-15T13:02:37","modified_gmt":"2026-01-15T12:02:37","slug":"tortilla-de-mais-farcie-au-porc-asturien-effiloche-pulled-pork","status":"publish","type":"product","link":"https:\/\/restauranteasturianolagalana.es\/fr\/producto\/tortilla-de-mais-farcie-au-porc-asturien-effiloche-pulled-pork\/","title":{"rendered":"Tortilla de ma\u00efs farcie au porc asturien effiloch\u00e9 (pulled pork)"},"content":{"rendered":"<div class=\"list list-5ed7592ba268e bullet \">\n<ul>\n<li>Joues de porc<\/li>\n<li>Galletes de ma\u00efs<\/li>\n<li>Sauce barbecue<\/li>\n<li>Sauce yakiniku<\/li>\n<li>\u0152uf, sel, farine de ma\u00efs<\/li>\n<li>Harina de trigo, aceite<\/li>\n<\/ul>\n<\/div>\n","protected":false},"excerpt":{"rendered":"<p>Joues de porc Galletes de ma\u00efs Sauce barbecue Sauce yakiniku \u0152uf, sel, farine de ma\u00efs Harina de trigo, aceite<\/p>\n","protected":false},"featured_media":7755,"template":"","meta":[],"product_brand":[],"product_cat":[177],"product_tag":[],"class_list":{"0":"post-7791","1":"product","2":"type-product","3":"status-publish","4":"has-post-thumbnail","6":"product_cat-minis-fr","8":"first","9":"outofstock","10":"taxable","11":"shipping-taxable","12":"purchasable","13":"product-type-simple"},"_links":{"self":[{"href":"https:\/\/restauranteasturianolagalana.es\/fr\/wp-json\/wp\/v2\/product\/7791","targetHints":{"allow":["GET"]}}],"collection":[{"href":"https:\/\/restauranteasturianolagalana.es\/fr\/wp-json\/wp\/v2\/product"}],"about":[{"href":"https:\/\/restauranteasturianolagalana.es\/fr\/wp-json\/wp\/v2\/types\/product"}],"wp:featuredmedia":[{"embeddable":true,"href":"https:\/\/restauranteasturianolagalana.es\/fr\/wp-json\/wp\/v2\/media\/7755"}],"wp:attachment":[{"href":"https:\/\/restauranteasturianolagalana.es\/fr\/wp-json\/wp\/v2\/media?parent=7791"}],"wp:term":[{"taxonomy":"product_brand","embeddable":true,"href":"https:\/\/restauranteasturianolagalana.es\/fr\/wp-json\/wp\/v2\/product_brand?post=7791"},{"taxonomy":"product_cat","embeddable":true,"href":"https:\/\/restauranteasturianolagalana.es\/fr\/wp-json\/wp\/v2\/product_cat?post=7791"},{"taxonomy":"product_tag","embeddable":true,"href":"https:\/\/restauranteasturianolagalana.es\/fr\/wp-json\/wp\/v2\/product_tag?post=7791"}],"curies":[{"name":"wp","href":"https:\/\/api.w.org\/{rel}","templated":true}]}}