{"id":7788,"date":"2020-05-29T16:24:00","date_gmt":"2020-05-29T14:24:00","guid":{"rendered":"https:\/\/restauranteasturianolagalana.es\/producto\/petits-pois-de-navia-avec-veloute-diberiques-et-oeuf-a-basse-temperature\/"},"modified":"2026-01-15T12:52:22","modified_gmt":"2026-01-15T11:52:22","slug":"petits-pois-de-navia-avec-veloute-diberiques-et-oeuf-a-basse-temperature","status":"publish","type":"product","link":"https:\/\/restauranteasturianolagalana.es\/fr\/producto\/petits-pois-de-navia-avec-veloute-diberiques-et-oeuf-a-basse-temperature\/","title":{"rendered":"Petits pois de Navia avec velout\u00e9 d\u2019ib\u00e9riques et oeuf \u00e0 basse temp\u00e9rature"},"content":{"rendered":"<div class=\"list list-5ed7592ba268e bullet \">\n<ul>\n<li>Petits pois de Navia<\/li>\n<li>Jambon ib\u00e9rique<\/li>\n<li>Oeuf<\/li>\n<li>Farine<\/li>\n<li>Ail<\/li>\n<li>Cebollino, sal<\/li>\n<\/ul>\n<\/div>\n","protected":false},"excerpt":{"rendered":"<p>Petits pois de Navia Jambon ib\u00e9rique Oeuf Farine Ail Cebollino, sal<\/p>\n","protected":false},"featured_media":7767,"template":"","meta":[],"product_brand":[],"product_cat":[475],"product_tag":[],"class_list":{"0":"post-7788","1":"product","2":"type-product","3":"status-publish","4":"has-post-thumbnail","6":"product_cat-legumes","8":"first","9":"instock","10":"taxable","11":"shipping-taxable","12":"purchasable","13":"product-type-simple"},"_links":{"self":[{"href":"https:\/\/restauranteasturianolagalana.es\/fr\/wp-json\/wp\/v2\/product\/7788","targetHints":{"allow":["GET"]}}],"collection":[{"href":"https:\/\/restauranteasturianolagalana.es\/fr\/wp-json\/wp\/v2\/product"}],"about":[{"href":"https:\/\/restauranteasturianolagalana.es\/fr\/wp-json\/wp\/v2\/types\/product"}],"wp:featuredmedia":[{"embeddable":true,"href":"https:\/\/restauranteasturianolagalana.es\/fr\/wp-json\/wp\/v2\/media\/7767"}],"wp:attachment":[{"href":"https:\/\/restauranteasturianolagalana.es\/fr\/wp-json\/wp\/v2\/media?parent=7788"}],"wp:term":[{"taxonomy":"product_brand","embeddable":true,"href":"https:\/\/restauranteasturianolagalana.es\/fr\/wp-json\/wp\/v2\/product_brand?post=7788"},{"taxonomy":"product_cat","embeddable":true,"href":"https:\/\/restauranteasturianolagalana.es\/fr\/wp-json\/wp\/v2\/product_cat?post=7788"},{"taxonomy":"product_tag","embeddable":true,"href":"https:\/\/restauranteasturianolagalana.es\/fr\/wp-json\/wp\/v2\/product_tag?post=7788"}],"curies":[{"name":"wp","href":"https:\/\/api.w.org\/{rel}","templated":true}]}}