{"id":7787,"date":"2020-05-29T16:30:43","date_gmt":"2020-05-29T14:30:43","guid":{"rendered":"https:\/\/restauranteasturianolagalana.es\/producto\/pate-au-potiron-et-au-poireau-avec-emulsion-dail-grille\/"},"modified":"2026-01-15T12:49:08","modified_gmt":"2026-01-15T11:49:08","slug":"pate-au-potiron-et-au-poireau-avec-emulsion-dail-grille","status":"publish","type":"product","link":"https:\/\/restauranteasturianolagalana.es\/fr\/producto\/pate-au-potiron-et-au-poireau-avec-emulsion-dail-grille\/","title":{"rendered":"P\u00e2t\u00e9 au potiron et au poireau avec \u00e9mulsion d\u2019ail grill\u00e9"},"content":{"rendered":"<div class=\"list list-5ed7592ba268e bullet \">\n<ul>\n<li>Courge<\/li>\n<li>Poireau<\/li>\n<li>Carotte<\/li>\n<li>Pomme de terre<\/li>\n<li>Cr\u00e8me liquide<\/li>\n<li>Oeufs<\/li>\n<li>Laitue<\/li>\n<li>Sel, poivre, paprika, pate de piment choricero<\/li>\n<li>Pan, mayonesa<\/li>\n<\/ul>\n<\/div>\n","protected":false},"excerpt":{"rendered":"<p>Courge Poireau Carotte Pomme de terre Cr\u00e8me liquide Oeufs Laitue Sel, poivre, paprika, pate de piment choricero Pan, mayonesa<\/p>\n","protected":false},"featured_media":7752,"template":"","meta":[],"product_brand":[],"product_cat":[475],"product_tag":[],"class_list":{"0":"post-7787","1":"product","2":"type-product","3":"status-publish","4":"has-post-thumbnail","6":"product_cat-legumes","8":"first","9":"instock","10":"taxable","11":"shipping-taxable","12":"purchasable","13":"product-type-simple"},"_links":{"self":[{"href":"https:\/\/restauranteasturianolagalana.es\/fr\/wp-json\/wp\/v2\/product\/7787","targetHints":{"allow":["GET"]}}],"collection":[{"href":"https:\/\/restauranteasturianolagalana.es\/fr\/wp-json\/wp\/v2\/product"}],"about":[{"href":"https:\/\/restauranteasturianolagalana.es\/fr\/wp-json\/wp\/v2\/types\/product"}],"wp:featuredmedia":[{"embeddable":true,"href":"https:\/\/restauranteasturianolagalana.es\/fr\/wp-json\/wp\/v2\/media\/7752"}],"wp:attachment":[{"href":"https:\/\/restauranteasturianolagalana.es\/fr\/wp-json\/wp\/v2\/media?parent=7787"}],"wp:term":[{"taxonomy":"product_brand","embeddable":true,"href":"https:\/\/restauranteasturianolagalana.es\/fr\/wp-json\/wp\/v2\/product_brand?post=7787"},{"taxonomy":"product_cat","embeddable":true,"href":"https:\/\/restauranteasturianolagalana.es\/fr\/wp-json\/wp\/v2\/product_cat?post=7787"},{"taxonomy":"product_tag","embeddable":true,"href":"https:\/\/restauranteasturianolagalana.es\/fr\/wp-json\/wp\/v2\/product_tag?post=7787"}],"curies":[{"name":"wp","href":"https:\/\/api.w.org\/{rel}","templated":true}]}}