{"id":7785,"date":"2020-05-19T12:50:02","date_gmt":"2020-05-19T10:50:02","guid":{"rendered":"https:\/\/restauranteasturianolagalana.es\/producto\/macgalana-hamburguer-a-la-viande-hachee-ahumado-de-pria-et-lardon-de-felechosa\/"},"modified":"2026-01-15T12:42:38","modified_gmt":"2026-01-15T11:42:38","slug":"macgalana-hamburguer-a-la-viande-hachee-ahumado-de-pria-et-lardon-de-felechosa","status":"publish","type":"product","link":"https:\/\/restauranteasturianolagalana.es\/fr\/producto\/macgalana-hamburguer-a-la-viande-hachee-ahumado-de-pria-et-lardon-de-felechosa\/","title":{"rendered":"MacGalana: Hamburguer \u00e0 la viande hach\u00e9e, ahumado de Pria et lardon de Felechosa"},"content":{"rendered":"<div class=\"vc_row wpb_row vc_inner row vc_custom_1577697363335 mpc-row\">\n<div class=\"wpb_column vc_column_container vc_col-sm-6 mpc-column\" data-column-id=\"mpc_column-725ed6b8018542f\">\n<div class=\"vc_column-inner \">\n<div class=\"wpb_wrapper\">\n<div class=\"list list-5ed6b8018535d bullet \">\n<ul>\n<li>Filet mignon de b\u0153uf<\/li>\n<li>C\u00f4te de b\u0153uf<\/li>\n<li>Pan burguer<\/li>\n<li>Lardon asturien de felechosa<\/li>\n<li>Fromage fum\u00e9 Asturien de Pria<\/li>\n<li>Pomme de terre<\/li>\n<\/ul>\n<\/div>\n<\/div>\n<\/div>\n<\/div>\n<div class=\"wpb_column vc_column_container vc_col-sm-6 mpc-column\" data-column-id=\"mpc_column-205ed6b801856cc\">\n<div class=\"vc_column-inner \">\n<div class=\"wpb_wrapper\">\n<div class=\"list list-5ed6b80185612 bullet \">\n<ul>\n<li>Tomete cerise<\/li>\n<li>Oignon rouge<\/li>\n<li>Moutarde \u00e1 l&rsquo;ancienne, ketchup<\/li>\n<li>Mesclum<\/li>\n<li>Sel, poivre, \u0153uf, panko<\/li>\n<\/ul>\n<\/div>\n<\/div>\n<\/div>\n<\/div>\n<\/div>\n","protected":false},"excerpt":{"rendered":"<p>Filet mignon de b\u0153uf C\u00f4te de b\u0153uf Pan burguer Lardon asturien de felechosa Fromage fum\u00e9 Asturien de Pria Pomme de terre Tomete cerise Oignon rouge Moutarde \u00e1 l&rsquo;ancienne, ketchup Mesclum Sel, poivre, \u0153uf, panko<\/p>\n","protected":false},"featured_media":826,"template":"","meta":[],"product_brand":[],"product_cat":[479],"product_tag":[],"class_list":{"0":"post-7785","1":"product","2":"type-product","3":"status-publish","4":"has-post-thumbnail","6":"product_cat-viande-asturienne-roxa","8":"first","9":"instock","10":"taxable","11":"shipping-taxable","12":"purchasable","13":"product-type-simple"},"_links":{"self":[{"href":"https:\/\/restauranteasturianolagalana.es\/fr\/wp-json\/wp\/v2\/product\/7785","targetHints":{"allow":["GET"]}}],"collection":[{"href":"https:\/\/restauranteasturianolagalana.es\/fr\/wp-json\/wp\/v2\/product"}],"about":[{"href":"https:\/\/restauranteasturianolagalana.es\/fr\/wp-json\/wp\/v2\/types\/product"}],"wp:featuredmedia":[{"embeddable":true,"href":"https:\/\/restauranteasturianolagalana.es\/fr\/wp-json\/wp\/v2\/media\/826"}],"wp:attachment":[{"href":"https:\/\/restauranteasturianolagalana.es\/fr\/wp-json\/wp\/v2\/media?parent=7785"}],"wp:term":[{"taxonomy":"product_brand","embeddable":true,"href":"https:\/\/restauranteasturianolagalana.es\/fr\/wp-json\/wp\/v2\/product_brand?post=7785"},{"taxonomy":"product_cat","embeddable":true,"href":"https:\/\/restauranteasturianolagalana.es\/fr\/wp-json\/wp\/v2\/product_cat?post=7785"},{"taxonomy":"product_tag","embeddable":true,"href":"https:\/\/restauranteasturianolagalana.es\/fr\/wp-json\/wp\/v2\/product_tag?post=7785"}],"curies":[{"name":"wp","href":"https:\/\/api.w.org\/{rel}","templated":true}]}}