{"id":7449,"date":"2020-05-26T10:30:12","date_gmt":"2020-05-26T08:30:12","guid":{"rendered":"https:\/\/restauranteasturianolagalana.es\/producto\/brioche-grillee-a-la-soubressade-de-txistorra-oeuf-marine-et-emulsion-dail\/"},"modified":"2026-03-23T10:56:32","modified_gmt":"2026-03-23T09:56:32","slug":"brioche-grillee-a-la-soubressade-de-txistorra-oeuf-marine-et-emulsion-dail","status":"publish","type":"product","link":"https:\/\/restauranteasturianolagalana.es\/fr\/producto\/brioche-grillee-a-la-soubressade-de-txistorra-oeuf-marine-et-emulsion-dail\/","title":{"rendered":"Brioche grill\u00e9e \u00e0 la soubressade de txistorra, jaune d&rsquo;oeuf marin\u00e9 et \u00e9mulsion au soja et s\u00e9same"},"content":{"rendered":"<div class=\"list list-5ed7592ba268e bullet \">\n<ul>\n<li>Brioche<\/li>\n<li>Chistorra<\/li>\n<li>Oeuf<\/li>\n<li>Chips<\/li>\n<li>Papier de riz<\/li>\n<li>Huile, vinaigre, soja, blanc d&rsquo;\u0153uf, sel<\/li>\n<\/ul>\n<\/div>\n","protected":false},"excerpt":{"rendered":"<p>Brioche Chistorra Oeuf Chips Papier de riz Huile, vinaigre, soja, blanc d&rsquo;\u0153uf, sel<\/p>\n","protected":false},"featured_media":7386,"template":"","meta":[],"product_brand":[],"product_cat":[177],"product_tag":[],"class_list":{"0":"post-7449","1":"product","2":"type-product","3":"status-publish","4":"has-post-thumbnail","6":"product_cat-minis-fr","8":"first","9":"instock","10":"taxable","11":"shipping-taxable","12":"purchasable","13":"product-type-simple"},"_links":{"self":[{"href":"https:\/\/restauranteasturianolagalana.es\/fr\/wp-json\/wp\/v2\/product\/7449","targetHints":{"allow":["GET"]}}],"collection":[{"href":"https:\/\/restauranteasturianolagalana.es\/fr\/wp-json\/wp\/v2\/product"}],"about":[{"href":"https:\/\/restauranteasturianolagalana.es\/fr\/wp-json\/wp\/v2\/types\/product"}],"wp:featuredmedia":[{"embeddable":true,"href":"https:\/\/restauranteasturianolagalana.es\/fr\/wp-json\/wp\/v2\/media\/7386"}],"wp:attachment":[{"href":"https:\/\/restauranteasturianolagalana.es\/fr\/wp-json\/wp\/v2\/media?parent=7449"}],"wp:term":[{"taxonomy":"product_brand","embeddable":true,"href":"https:\/\/restauranteasturianolagalana.es\/fr\/wp-json\/wp\/v2\/product_brand?post=7449"},{"taxonomy":"product_cat","embeddable":true,"href":"https:\/\/restauranteasturianolagalana.es\/fr\/wp-json\/wp\/v2\/product_cat?post=7449"},{"taxonomy":"product_tag","embeddable":true,"href":"https:\/\/restauranteasturianolagalana.es\/fr\/wp-json\/wp\/v2\/product_tag?post=7449"}],"curies":[{"name":"wp","href":"https:\/\/api.w.org\/{rel}","templated":true}]}}