{"id":7257,"date":"2020-05-26T12:02:19","date_gmt":"2025-03-25T12:49:30","guid":{"rendered":"https:\/\/restauranteasturianolagalana.es\/producto\/soupe-froide-au-fromage-fume-asturien-de-pria-maquereau-marine-tomates-sechees-et-pesto\/"},"modified":"2025-04-16T09:45:16","modified_gmt":"2025-04-16T07:45:16","slug":"soupe-froide-au-fromage-fume-asturien-de-pria-maquereau-marine-tomates-sechees-et-pesto","status":"publish","type":"product","link":"https:\/\/restauranteasturianolagalana.es\/fr\/producto\/soupe-froide-au-fromage-fume-asturien-de-pria-maquereau-marine-tomates-sechees-et-pesto\/","title":{"rendered":"Soupe froide au fromage fum\u00e9 asturien de Pr\u00eda, maquereau marin\u00e9, tomates s\u00e9ch\u00e9es et pesto"},"content":{"rendered":"<div class=\"list list-5ed7592ba268e bullet \">\n<ul>\n<li>Fromage Asturien Fum\u00e9e de Pria<\/li>\n<li>Maquereau<\/li>\n<li>Tomates s\u00e8ches<\/li>\n<li>Olive noire<\/li>\n<li>Fromage Asturien Vidiago<\/li>\n<li>Pignons<\/li>\n<li>Basilic<\/li>\n<li>Ail, roquette, persil<\/li>\n<li>Huile d\u2019olive, pousses d&rsquo;ail, sel<\/li>\n<\/ul>\n<\/div>\n","protected":false},"excerpt":{"rendered":"<p>Fromage Asturien Fum\u00e9e de Pria Maquereau Tomates s\u00e8ches Olive noire Fromage Asturien Vidiago Pignons Basilic Ail, roquette, persil Huile d\u2019olive, pousses d&rsquo;ail, sel<\/p>\n","protected":false},"featured_media":7189,"template":"","meta":[],"product_brand":[],"product_cat":[220],"product_tag":[],"class_list":{"0":"post-7257","1":"product","2":"type-product","3":"status-publish","4":"has-post-thumbnail","6":"product_cat-printemp","8":"first","9":"outofstock","10":"taxable","11":"shipping-taxable","12":"purchasable","13":"product-type-simple"},"_links":{"self":[{"href":"https:\/\/restauranteasturianolagalana.es\/fr\/wp-json\/wp\/v2\/product\/7257","targetHints":{"allow":["GET"]}}],"collection":[{"href":"https:\/\/restauranteasturianolagalana.es\/fr\/wp-json\/wp\/v2\/product"}],"about":[{"href":"https:\/\/restauranteasturianolagalana.es\/fr\/wp-json\/wp\/v2\/types\/product"}],"wp:featuredmedia":[{"embeddable":true,"href":"https:\/\/restauranteasturianolagalana.es\/fr\/wp-json\/wp\/v2\/media\/7189"}],"wp:attachment":[{"href":"https:\/\/restauranteasturianolagalana.es\/fr\/wp-json\/wp\/v2\/media?parent=7257"}],"wp:term":[{"taxonomy":"product_brand","embeddable":true,"href":"https:\/\/restauranteasturianolagalana.es\/fr\/wp-json\/wp\/v2\/product_brand?post=7257"},{"taxonomy":"product_cat","embeddable":true,"href":"https:\/\/restauranteasturianolagalana.es\/fr\/wp-json\/wp\/v2\/product_cat?post=7257"},{"taxonomy":"product_tag","embeddable":true,"href":"https:\/\/restauranteasturianolagalana.es\/fr\/wp-json\/wp\/v2\/product_tag?post=7257"}],"curies":[{"name":"wp","href":"https:\/\/api.w.org\/{rel}","templated":true}]}}