{"id":7254,"date":"2020-05-26T12:40:47","date_gmt":"2020-05-26T10:40:47","guid":{"rendered":"https:\/\/restauranteasturianolagalana.es\/producto\/en-ramen-avec-reduction-de-son-jus-et-oeuf-poche\/"},"modified":"2025-05-28T08:49:06","modified_gmt":"2025-05-28T06:49:06","slug":"en-ramen-avec-reduction-de-son-jus-et-oeuf-poche","status":"publish","type":"product","link":"https:\/\/restauranteasturianolagalana.es\/fr\/producto\/en-ramen-avec-reduction-de-son-jus-et-oeuf-poche\/","title":{"rendered":"Ramen aux l\u00e9gumes avec r\u00e9duction de son jus et oeuf poch\u00e9"},"content":{"rendered":"<div class=\"vc_row wpb_row vc_inner row vc_custom_1577697363335 mpc-row\">\n<div class=\"wpb_column vc_column_container vc_col-sm-6 mpc-column\" data-column-id=\"mpc_column-725ed6b8018542f\">\n<div class=\"vc_column-inner \">\n<div class=\"wpb_wrapper\">\n<div class=\"list list-5ed6b8018535d bullet \">\n<ul>\n<li>Oeuf<\/li>\n<li>Carotte<\/li>\n<li>Poivron rouge et vert<\/li>\n<li>Oignon<\/li>\n<li>Oignon rouge<\/li>\n<li>Pak Choy<\/li>\n<\/ul>\n<\/div>\n<\/div>\n<\/div>\n<\/div>\n<div class=\"wpb_column vc_column_container vc_col-sm-6 mpc-column\" data-column-id=\"mpc_column-205ed6b801856cc\">\n<div class=\"vc_column-inner \">\n<div class=\"wpb_wrapper\">\n<div class=\"list list-5ed6b80185612 bullet \">\n<ul>\n<li>Haricot vert<\/li>\n<li>Kimchi, siracha, soja<\/li>\n<li>Yakiniku, s\u00e9same<\/li>\n<li>Huile de s\u00e9same<\/li>\n<\/ul>\n<\/div>\n<\/div>\n<\/div>\n<\/div>\n<\/div>\n","protected":false},"excerpt":{"rendered":"<p>Oeuf Carotte Poivron rouge et vert Oignon Oignon rouge Pak Choy Haricot vert Kimchi, siracha, soja Yakiniku, s\u00e9same Huile de s\u00e9same<\/p>\n","protected":false},"featured_media":7195,"template":"","meta":[],"product_brand":[],"product_cat":[220],"product_tag":[],"class_list":{"0":"post-7254","1":"product","2":"type-product","3":"status-publish","4":"has-post-thumbnail","6":"product_cat-printemp","8":"first","9":"outofstock","10":"taxable","11":"shipping-taxable","12":"purchasable","13":"product-type-simple"},"_links":{"self":[{"href":"https:\/\/restauranteasturianolagalana.es\/fr\/wp-json\/wp\/v2\/product\/7254","targetHints":{"allow":["GET"]}}],"collection":[{"href":"https:\/\/restauranteasturianolagalana.es\/fr\/wp-json\/wp\/v2\/product"}],"about":[{"href":"https:\/\/restauranteasturianolagalana.es\/fr\/wp-json\/wp\/v2\/types\/product"}],"wp:featuredmedia":[{"embeddable":true,"href":"https:\/\/restauranteasturianolagalana.es\/fr\/wp-json\/wp\/v2\/media\/7195"}],"wp:attachment":[{"href":"https:\/\/restauranteasturianolagalana.es\/fr\/wp-json\/wp\/v2\/media?parent=7254"}],"wp:term":[{"taxonomy":"product_brand","embeddable":true,"href":"https:\/\/restauranteasturianolagalana.es\/fr\/wp-json\/wp\/v2\/product_brand?post=7254"},{"taxonomy":"product_cat","embeddable":true,"href":"https:\/\/restauranteasturianolagalana.es\/fr\/wp-json\/wp\/v2\/product_cat?post=7254"},{"taxonomy":"product_tag","embeddable":true,"href":"https:\/\/restauranteasturianolagalana.es\/fr\/wp-json\/wp\/v2\/product_tag?post=7254"}],"curies":[{"name":"wp","href":"https:\/\/api.w.org\/{rel}","templated":true}]}}