{"id":7251,"date":"2020-05-25T12:54:06","date_gmt":"2025-03-25T12:43:53","guid":{"rendered":"https:\/\/restauranteasturianolagalana.es\/producto\/chocolats-aux-noisettes-de-pilona-avec-ses-miettes\/"},"modified":"2025-04-16T09:28:22","modified_gmt":"2025-04-16T07:28:22","slug":"chocolats-aux-noisettes-de-pilona-avec-ses-miettes","status":"publish","type":"product","link":"https:\/\/restauranteasturianolagalana.es\/fr\/producto\/chocolats-aux-noisettes-de-pilona-avec-ses-miettes\/","title":{"rendered":"Chocolats aux noisettes de Pilo\u00f1a avec ses miettes"},"content":{"rendered":"<div class=\"vc_row wpb_row vc_inner row vc_custom_1577697363335 mpc-row\">\n<div class=\"wpb_column vc_column_container vc_col-sm-6 mpc-column\" data-column-id=\"mpc_column-725ed6b8018542f\">\n<div class=\"vc_column-inner \">\n<div class=\"wpb_wrapper\">\n<div class=\"list list-5ed6b8018535d bullet \">\n<ul>\n<li>Jaune d&rsquo;oeuf<\/li>\n<li>Sucre<\/li>\n<li>Ma\u00efzena<\/li>\n<li>Noisettes<\/li>\n<li>Cr\u00e8me liquide<\/li>\n<li>G\u00e9latine<\/li>\n<\/ul>\n<\/div>\n<\/div>\n<\/div>\n<\/div>\n<div class=\"wpb_column vc_column_container vc_col-sm-6 mpc-column\" data-column-id=\"mpc_column-205ed6b801856cc\">\n<div class=\"vc_column-inner \">\n<div class=\"wpb_wrapper\">\n<div class=\"list list-5ed6b80185612 bullet \">\n<ul>\n<li>Citron vert<\/li>\n<li>Cr\u00e9me fra\u00eeche<\/li>\n<li>Yaourt<\/li>\n<li>Lait<\/li>\n<li>Beurre<\/li>\n<li>Dextrose<\/li>\n<\/ul>\n<\/div>\n<\/div>\n<\/div>\n<\/div>\n<\/div>\n","protected":false},"excerpt":{"rendered":"<p>Jaune d&rsquo;oeuf Sucre Ma\u00efzena Noisettes Cr\u00e8me liquide G\u00e9latine Citron vert Cr\u00e9me fra\u00eeche Yaourt Lait Beurre Dextrose<\/p>\n","protected":false},"featured_media":7304,"template":"","meta":[],"product_brand":[],"product_cat":[173],"product_tag":[],"class_list":{"0":"post-7251","1":"product","2":"type-product","3":"status-publish","4":"has-post-thumbnail","6":"product_cat-desserts-et-fromages","8":"first","9":"outofstock","10":"taxable","11":"shipping-taxable","12":"purchasable","13":"product-type-simple"},"_links":{"self":[{"href":"https:\/\/restauranteasturianolagalana.es\/fr\/wp-json\/wp\/v2\/product\/7251","targetHints":{"allow":["GET"]}}],"collection":[{"href":"https:\/\/restauranteasturianolagalana.es\/fr\/wp-json\/wp\/v2\/product"}],"about":[{"href":"https:\/\/restauranteasturianolagalana.es\/fr\/wp-json\/wp\/v2\/types\/product"}],"wp:featuredmedia":[{"embeddable":true,"href":"https:\/\/restauranteasturianolagalana.es\/fr\/wp-json\/wp\/v2\/media\/7304"}],"wp:attachment":[{"href":"https:\/\/restauranteasturianolagalana.es\/fr\/wp-json\/wp\/v2\/media?parent=7251"}],"wp:term":[{"taxonomy":"product_brand","embeddable":true,"href":"https:\/\/restauranteasturianolagalana.es\/fr\/wp-json\/wp\/v2\/product_brand?post=7251"},{"taxonomy":"product_cat","embeddable":true,"href":"https:\/\/restauranteasturianolagalana.es\/fr\/wp-json\/wp\/v2\/product_cat?post=7251"},{"taxonomy":"product_tag","embeddable":true,"href":"https:\/\/restauranteasturianolagalana.es\/fr\/wp-json\/wp\/v2\/product_tag?post=7251"}],"curies":[{"name":"wp","href":"https:\/\/api.w.org\/{rel}","templated":true}]}}