{"id":7250,"date":"2020-05-25T12:56:32","date_gmt":"2025-03-25T12:43:51","guid":{"rendered":"https:\/\/restauranteasturianolagalana.es\/producto\/gateau-cremeux-au-chocolat-et-aux-cerises\/"},"modified":"2025-04-16T09:19:38","modified_gmt":"2025-04-16T07:19:38","slug":"gateau-cremeux-au-chocolat-et-aux-cerises","status":"publish","type":"product","link":"https:\/\/restauranteasturianolagalana.es\/fr\/producto\/gateau-cremeux-au-chocolat-et-aux-cerises\/","title":{"rendered":"G\u00e2teau cr\u00e9meux au chocolat et aux cerises"},"content":{"rendered":"<div class=\"vc_row wpb_row vc_inner row vc_custom_1577697363335 mpc-row\">\n<div class=\"wpb_column vc_column_container vc_col-sm-6 mpc-column\" data-column-id=\"mpc_column-725ed6b8018542f\">\n<div class=\"vc_column-inner \">\n<div class=\"wpb_wrapper\">\n<div class=\"list list-5ed6b8018535d bullet \">\n<ul>\n<li>Beurre<\/li>\n<li>Chocolat<\/li>\n<li>Sucre<\/li>\n<li>Farine<\/li>\n<li>Levure<\/li>\n<li>Cerise<\/li>\n<\/ul>\n<\/div>\n<\/div>\n<\/div>\n<\/div>\n<div class=\"wpb_column vc_column_container vc_col-sm-6 mpc-column\" data-column-id=\"mpc_column-205ed6b801856cc\">\n<div class=\"vc_column-inner \">\n<div class=\"wpb_wrapper\">\n<div class=\"list list-5ed6b80185612 bullet \">\n<ul>\n<li>Cr\u00e8me liquide<\/li>\n<li>G\u00e9latine<\/li>\n<li>Cr\u00e8me<\/li>\n<li>Lait<\/li>\n<li>Fruit<\/li>\n<li>Amande<\/li>\n<\/ul>\n<\/div>\n<\/div>\n<\/div>\n<\/div>\n<\/div>\n","protected":false},"excerpt":{"rendered":"<p>Beurre Chocolat Sucre Farine Levure Cerise Cr\u00e8me liquide G\u00e9latine Cr\u00e8me Lait Fruit Amande<\/p>\n","protected":false},"featured_media":7215,"template":"","meta":[],"product_brand":[],"product_cat":[173],"product_tag":[],"class_list":{"0":"post-7250","1":"product","2":"type-product","3":"status-publish","4":"has-post-thumbnail","6":"product_cat-desserts-et-fromages","8":"first","9":"outofstock","10":"taxable","11":"shipping-taxable","12":"purchasable","13":"product-type-simple"},"_links":{"self":[{"href":"https:\/\/restauranteasturianolagalana.es\/fr\/wp-json\/wp\/v2\/product\/7250","targetHints":{"allow":["GET"]}}],"collection":[{"href":"https:\/\/restauranteasturianolagalana.es\/fr\/wp-json\/wp\/v2\/product"}],"about":[{"href":"https:\/\/restauranteasturianolagalana.es\/fr\/wp-json\/wp\/v2\/types\/product"}],"wp:featuredmedia":[{"embeddable":true,"href":"https:\/\/restauranteasturianolagalana.es\/fr\/wp-json\/wp\/v2\/media\/7215"}],"wp:attachment":[{"href":"https:\/\/restauranteasturianolagalana.es\/fr\/wp-json\/wp\/v2\/media?parent=7250"}],"wp:term":[{"taxonomy":"product_brand","embeddable":true,"href":"https:\/\/restauranteasturianolagalana.es\/fr\/wp-json\/wp\/v2\/product_brand?post=7250"},{"taxonomy":"product_cat","embeddable":true,"href":"https:\/\/restauranteasturianolagalana.es\/fr\/wp-json\/wp\/v2\/product_cat?post=7250"},{"taxonomy":"product_tag","embeddable":true,"href":"https:\/\/restauranteasturianolagalana.es\/fr\/wp-json\/wp\/v2\/product_tag?post=7250"}],"curies":[{"name":"wp","href":"https:\/\/api.w.org\/{rel}","templated":true}]}}