{"id":7145,"date":"2020-05-26T10:02:28","date_gmt":"2025-02-19T11:59:30","guid":{"rendered":"https:\/\/restauranteasturianolagalana.es\/?post_type=product&#038;p=7145"},"modified":"2025-02-21T08:31:33","modified_gmt":"2025-02-21T07:31:33","slug":"fromage-artisanal-des-pics-deurope-copia","status":"publish","type":"product","link":"https:\/\/restauranteasturianolagalana.es\/fr\/producto\/fromage-artisanal-des-pics-deurope-copia\/","title":{"rendered":"Cabrales \u00e0 tartiner \u00e9dition limit\u00e9e m\u00fbri dans les grottes de Teyedu"},"content":{"rendered":"<div class=\"list list-5ed7544ac878b bullet \">\n<ul>\n<li>Lait de vache, brebis et ch\u00eavre<\/li>\n<li>Provenance: Tielve<\/li>\n<\/ul>\n<\/div>\n","protected":false},"excerpt":{"rendered":"<p>Lait de vache, brebis et ch\u00eavre Provenance: Tielve<\/p>\n","protected":false},"featured_media":7292,"template":"","meta":[],"product_brand":[],"product_cat":[178],"product_tag":[],"class_list":{"0":"post-7145","1":"product","2":"type-product","3":"status-publish","4":"has-post-thumbnail","6":"product_cat-fromages","8":"first","9":"instock","10":"taxable","11":"shipping-taxable","12":"purchasable","13":"product-type-simple"},"_links":{"self":[{"href":"https:\/\/restauranteasturianolagalana.es\/fr\/wp-json\/wp\/v2\/product\/7145","targetHints":{"allow":["GET"]}}],"collection":[{"href":"https:\/\/restauranteasturianolagalana.es\/fr\/wp-json\/wp\/v2\/product"}],"about":[{"href":"https:\/\/restauranteasturianolagalana.es\/fr\/wp-json\/wp\/v2\/types\/product"}],"wp:featuredmedia":[{"embeddable":true,"href":"https:\/\/restauranteasturianolagalana.es\/fr\/wp-json\/wp\/v2\/media\/7292"}],"wp:attachment":[{"href":"https:\/\/restauranteasturianolagalana.es\/fr\/wp-json\/wp\/v2\/media?parent=7145"}],"wp:term":[{"taxonomy":"product_brand","embeddable":true,"href":"https:\/\/restauranteasturianolagalana.es\/fr\/wp-json\/wp\/v2\/product_brand?post=7145"},{"taxonomy":"product_cat","embeddable":true,"href":"https:\/\/restauranteasturianolagalana.es\/fr\/wp-json\/wp\/v2\/product_cat?post=7145"},{"taxonomy":"product_tag","embeddable":true,"href":"https:\/\/restauranteasturianolagalana.es\/fr\/wp-json\/wp\/v2\/product_tag?post=7145"}],"curies":[{"name":"wp","href":"https:\/\/api.w.org\/{rel}","templated":true}]}}