{"id":7137,"date":"2020-05-26T10:55:10","date_gmt":"2025-02-05T08:59:55","guid":{"rendered":"https:\/\/restauranteasturianolagalana.es\/producto\/pizza-sur-pain-naan-au-chorizo-criollo-et-fondue-de-fromage-asturien-fumee-ahumado-de-pria\/"},"modified":"2025-02-05T09:59:55","modified_gmt":"2025-02-05T08:59:55","slug":"pizza-sur-pain-naan-au-chorizo-criollo-et-fondue-de-fromage-asturien-fumee-ahumado-de-pria","status":"publish","type":"product","link":"https:\/\/restauranteasturianolagalana.es\/fr\/producto\/pizza-sur-pain-naan-au-chorizo-criollo-et-fondue-de-fromage-asturien-fumee-ahumado-de-pria\/","title":{"rendered":"Pizza sur pain naan au chorizo criollo et fondue de fromage asturien fum\u00e9e \u201cAhumado de Pria\u201d"},"content":{"rendered":"<div class=\"list list-5ed7592ba268e bullet \">\n<ul>\n<li>Pain naan<\/li>\n<li>Chorizo cr\u00e9ole<\/li>\n<li>Jaune d&rsquo;\u0153uf<\/li>\n<li>Fromage Asturien fum\u00e9 de Pria<\/li>\n<li>B\u00e9chamel<\/li>\n<li>Tomate cerise<\/li>\n<li>Or\u00e9gan, pousses<\/li>\n<\/ul>\n<\/div>\n","protected":false},"excerpt":{"rendered":"<p>Pain naan Chorizo cr\u00e9ole Jaune d&rsquo;\u0153uf Fromage Asturien fum\u00e9 de Pria B\u00e9chamel Tomate cerise Or\u00e9gan, pousses<\/p>\n","protected":false},"featured_media":7039,"template":"","meta":[],"product_brand":[],"product_cat":[177],"product_tag":[],"class_list":{"0":"post-7137","1":"product","2":"type-product","3":"status-publish","4":"has-post-thumbnail","6":"product_cat-minis-fr","8":"first","9":"outofstock","10":"taxable","11":"shipping-taxable","12":"purchasable","13":"product-type-simple"},"_links":{"self":[{"href":"https:\/\/restauranteasturianolagalana.es\/fr\/wp-json\/wp\/v2\/product\/7137","targetHints":{"allow":["GET"]}}],"collection":[{"href":"https:\/\/restauranteasturianolagalana.es\/fr\/wp-json\/wp\/v2\/product"}],"about":[{"href":"https:\/\/restauranteasturianolagalana.es\/fr\/wp-json\/wp\/v2\/types\/product"}],"wp:featuredmedia":[{"embeddable":true,"href":"https:\/\/restauranteasturianolagalana.es\/fr\/wp-json\/wp\/v2\/media\/7039"}],"wp:attachment":[{"href":"https:\/\/restauranteasturianolagalana.es\/fr\/wp-json\/wp\/v2\/media?parent=7137"}],"wp:term":[{"taxonomy":"product_brand","embeddable":true,"href":"https:\/\/restauranteasturianolagalana.es\/fr\/wp-json\/wp\/v2\/product_brand?post=7137"},{"taxonomy":"product_cat","embeddable":true,"href":"https:\/\/restauranteasturianolagalana.es\/fr\/wp-json\/wp\/v2\/product_cat?post=7137"},{"taxonomy":"product_tag","embeddable":true,"href":"https:\/\/restauranteasturianolagalana.es\/fr\/wp-json\/wp\/v2\/product_tag?post=7137"}],"curies":[{"name":"wp","href":"https:\/\/api.w.org\/{rel}","templated":true}]}}