{"id":7081,"date":"2020-05-26T11:03:39","date_gmt":"2024-12-20T11:38:35","guid":{"rendered":"https:\/\/restauranteasturianolagalana.es\/producto\/hot-dog-au-pain-a-la-moutarde-saucisson-asturien-daviles-confit-et-vinaigrette-aux-cornichons\/"},"modified":"2025-02-05T10:07:18","modified_gmt":"2025-02-05T09:07:18","slug":"hot-dog-au-pain-a-la-moutarde-saucisson-asturien-daviles-confit-et-vinaigrette-aux-cornichons","status":"publish","type":"product","link":"https:\/\/restauranteasturianolagalana.es\/fr\/producto\/hot-dog-au-pain-a-la-moutarde-saucisson-asturien-daviles-confit-et-vinaigrette-aux-cornichons\/","title":{"rendered":"Hot dog au pain \u00e0 la moutarde, saucisson asturien d\u2019Avil\u00e9s confit et vinaigrette aux cornichons"},"content":{"rendered":"<div class=\"list list-5ed7592ba268e bullet \">\n<ul>\n<li>Pain naan<\/li>\n<li>Saucisse asturienne d&rsquo;avil\u00e9s<\/li>\n<li>Oignon rouge<\/li>\n<\/ul>\n<p><strong>Vinaigrette:<\/strong><\/p>\n<ul>\n<li>Oignon nouveau, persil, \u0153uf<\/li>\n<li>C\u00e2pres, cornichons<\/li>\n<li>Moutarde, ketchup<\/li>\n<li>Sauce tomate, siracha<\/li>\n<li>Huile, sel<\/li>\n<\/ul>\n<\/div>\n","protected":false},"excerpt":{"rendered":"<p>Pain naan Saucisse asturienne d&rsquo;avil\u00e9s Oignon rouge Vinaigrette: Oignon nouveau, persil, \u0153uf C\u00e2pres, cornichons Moutarde, ketchup Sauce tomate, siracha Huile, sel<\/p>\n","protected":false},"featured_media":7047,"template":"","meta":[],"product_brand":[],"product_cat":[177],"product_tag":[],"class_list":{"0":"post-7081","1":"product","2":"type-product","3":"status-publish","4":"has-post-thumbnail","6":"product_cat-minis-fr","8":"first","9":"outofstock","10":"taxable","11":"shipping-taxable","12":"purchasable","13":"product-type-simple"},"_links":{"self":[{"href":"https:\/\/restauranteasturianolagalana.es\/fr\/wp-json\/wp\/v2\/product\/7081","targetHints":{"allow":["GET"]}}],"collection":[{"href":"https:\/\/restauranteasturianolagalana.es\/fr\/wp-json\/wp\/v2\/product"}],"about":[{"href":"https:\/\/restauranteasturianolagalana.es\/fr\/wp-json\/wp\/v2\/types\/product"}],"wp:featuredmedia":[{"embeddable":true,"href":"https:\/\/restauranteasturianolagalana.es\/fr\/wp-json\/wp\/v2\/media\/7047"}],"wp:attachment":[{"href":"https:\/\/restauranteasturianolagalana.es\/fr\/wp-json\/wp\/v2\/media?parent=7081"}],"wp:term":[{"taxonomy":"product_brand","embeddable":true,"href":"https:\/\/restauranteasturianolagalana.es\/fr\/wp-json\/wp\/v2\/product_brand?post=7081"},{"taxonomy":"product_cat","embeddable":true,"href":"https:\/\/restauranteasturianolagalana.es\/fr\/wp-json\/wp\/v2\/product_cat?post=7081"},{"taxonomy":"product_tag","embeddable":true,"href":"https:\/\/restauranteasturianolagalana.es\/fr\/wp-json\/wp\/v2\/product_tag?post=7081"}],"curies":[{"name":"wp","href":"https:\/\/api.w.org\/{rel}","templated":true}]}}