{"id":6964,"date":"2020-05-26T11:12:06","date_gmt":"2020-05-26T09:09:06","guid":{"rendered":"https:\/\/restauranteasturianolagalana.es\/producto\/sandwich-au-steak-tartare-de-cerf-feuille-de-moutarde-et-jaune-doeuf\/"},"modified":"2024-10-11T12:05:24","modified_gmt":"2024-10-11T10:05:24","slug":"sandwich-au-steak-tartare-de-cerf-feuille-de-moutarde-et-jaune-doeuf","status":"publish","type":"product","link":"https:\/\/restauranteasturianolagalana.es\/fr\/producto\/sandwich-au-steak-tartare-de-cerf-feuille-de-moutarde-et-jaune-doeuf\/","title":{"rendered":"Sandwich au steak tartare de cerf, feuille de moutarde et jaune d\u2019oeuf"},"content":{"rendered":"<div class=\"list list-5ed7592ba268e bullet \">\n<ul>\n<li>Pain brioch\u00e9<\/li>\n<li>Longe de cerf<\/li>\n<li>Laitue<\/li>\n<li>Chips v\u00e9g\u00e9tales<\/li>\n<li>Jaune d&rsquo;\u0153uf<\/li>\n<li>Cornichon, c\u00e2pres, ketchup, moutarde, oignon nouveau<\/li>\n<li>Sauce perrins, sel<\/li>\n<\/ul>\n<\/div>\n","protected":false},"excerpt":{"rendered":"<p>Pain brioch\u00e9 Longe de cerf Laitue Chips v\u00e9g\u00e9tales Jaune d&rsquo;\u0153uf Cornichon, c\u00e2pres, ketchup, moutarde, oignon nouveau Sauce perrins, sel<\/p>\n","protected":false},"featured_media":7001,"template":"","meta":[],"product_brand":[],"product_cat":[177],"product_tag":[],"class_list":{"0":"post-6964","1":"product","2":"type-product","3":"status-publish","4":"has-post-thumbnail","6":"product_cat-minis-fr","8":"first","9":"outofstock","10":"taxable","11":"shipping-taxable","12":"purchasable","13":"product-type-simple"},"_links":{"self":[{"href":"https:\/\/restauranteasturianolagalana.es\/fr\/wp-json\/wp\/v2\/product\/6964","targetHints":{"allow":["GET"]}}],"collection":[{"href":"https:\/\/restauranteasturianolagalana.es\/fr\/wp-json\/wp\/v2\/product"}],"about":[{"href":"https:\/\/restauranteasturianolagalana.es\/fr\/wp-json\/wp\/v2\/types\/product"}],"wp:featuredmedia":[{"embeddable":true,"href":"https:\/\/restauranteasturianolagalana.es\/fr\/wp-json\/wp\/v2\/media\/7001"}],"wp:attachment":[{"href":"https:\/\/restauranteasturianolagalana.es\/fr\/wp-json\/wp\/v2\/media?parent=6964"}],"wp:term":[{"taxonomy":"product_brand","embeddable":true,"href":"https:\/\/restauranteasturianolagalana.es\/fr\/wp-json\/wp\/v2\/product_brand?post=6964"},{"taxonomy":"product_cat","embeddable":true,"href":"https:\/\/restauranteasturianolagalana.es\/fr\/wp-json\/wp\/v2\/product_cat?post=6964"},{"taxonomy":"product_tag","embeddable":true,"href":"https:\/\/restauranteasturianolagalana.es\/fr\/wp-json\/wp\/v2\/product_tag?post=6964"}],"curies":[{"name":"wp","href":"https:\/\/api.w.org\/{rel}","templated":true}]}}