{"id":6933,"date":"2020-05-26T10:57:51","date_gmt":"2020-05-26T08:57:51","guid":{"rendered":"https:\/\/restauranteasturianolagalana.es\/producto\/focaccia-de-caprese-avec-fromage-asturien-geo-de-lazana-et-sardine-marinee\/"},"modified":"2024-08-06T08:37:32","modified_gmt":"2024-08-06T06:37:32","slug":"focaccia-de-caprese-avec-fromage-asturien-geo-de-lazana-et-sardine-marinee","status":"publish","type":"product","link":"https:\/\/restauranteasturianolagalana.es\/fr\/producto\/focaccia-de-caprese-avec-fromage-asturien-geo-de-lazana-et-sardine-marinee\/","title":{"rendered":"Focaccia de caprese avec fromage asturien \u201cGeo de Lazana\u201d et sardine marin\u00e9e"},"content":{"rendered":"<div class=\"list list-5ed7592ba268e bullet \">\n<ul>\n<li>Focaccia<\/li>\n<li>Sardine fum\u00e9e<\/li>\n<li>Tomate<\/li>\n<li>Fromage asturien geo de lazana<\/li>\n<li>C\u00e2pre<\/li>\n<li>Tomate s\u00e9ch\u00e9e<\/li>\n<li>Pesto<\/li>\n<li>Basilic<\/li>\n<\/ul>\n<\/div>\n","protected":false},"excerpt":{"rendered":"<p>Focaccia Sardine fum\u00e9e Tomate Fromage asturien geo de lazana C\u00e2pre Tomate s\u00e9ch\u00e9e Pesto Basilic<\/p>\n","protected":false},"featured_media":6939,"template":"","meta":[],"product_brand":[],"product_cat":[177],"product_tag":[],"class_list":{"0":"post-6933","1":"product","2":"type-product","3":"status-publish","4":"has-post-thumbnail","6":"product_cat-minis-fr","8":"first","9":"outofstock","10":"taxable","11":"shipping-taxable","12":"purchasable","13":"product-type-simple"},"_links":{"self":[{"href":"https:\/\/restauranteasturianolagalana.es\/fr\/wp-json\/wp\/v2\/product\/6933","targetHints":{"allow":["GET"]}}],"collection":[{"href":"https:\/\/restauranteasturianolagalana.es\/fr\/wp-json\/wp\/v2\/product"}],"about":[{"href":"https:\/\/restauranteasturianolagalana.es\/fr\/wp-json\/wp\/v2\/types\/product"}],"wp:featuredmedia":[{"embeddable":true,"href":"https:\/\/restauranteasturianolagalana.es\/fr\/wp-json\/wp\/v2\/media\/6939"}],"wp:attachment":[{"href":"https:\/\/restauranteasturianolagalana.es\/fr\/wp-json\/wp\/v2\/media?parent=6933"}],"wp:term":[{"taxonomy":"product_brand","embeddable":true,"href":"https:\/\/restauranteasturianolagalana.es\/fr\/wp-json\/wp\/v2\/product_brand?post=6933"},{"taxonomy":"product_cat","embeddable":true,"href":"https:\/\/restauranteasturianolagalana.es\/fr\/wp-json\/wp\/v2\/product_cat?post=6933"},{"taxonomy":"product_tag","embeddable":true,"href":"https:\/\/restauranteasturianolagalana.es\/fr\/wp-json\/wp\/v2\/product_tag?post=6933"}],"curies":[{"name":"wp","href":"https:\/\/api.w.org\/{rel}","templated":true}]}}