{"id":6893,"date":"2020-05-25T13:40:29","date_gmt":"2024-06-20T15:49:30","guid":{"rendered":"https:\/\/restauranteasturianolagalana.es\/?post_type=product&#038;p=6893"},"modified":"2024-08-06T08:10:57","modified_gmt":"2024-08-06T06:10:57","slug":"cremeux-au-chocolat-blanc-avec-fraises-en-texture-copia","status":"publish","type":"product","link":"https:\/\/restauranteasturianolagalana.es\/fr\/producto\/cremeux-au-chocolat-blanc-avec-fraises-en-texture-copia\/","title":{"rendered":"Panach\u00e9 de fruits d\u2019\u00e9t\u00e9, soupe \u00e0 la mandarina et glace \u00e0 la mangue"},"content":{"rendered":"<div class=\"list list-5ed7592ba268e bullet \">\n<ul>\n<li>Mandarine<\/li>\n<li>Pruneaux<\/li>\n<li>Cerises<\/li>\n<li>Past\u00e8que<\/li>\n<li>Melon<\/li>\n<li>Fraises<\/li>\n<li>P\u00eache<\/li>\n<li>Kiwi<\/li>\n<li>Sucre<\/li>\n<li>Glace \u00e0 la mangue<\/li>\n<\/ul>\n<\/div>\n","protected":false},"excerpt":{"rendered":"<p>Mandarine Pruneaux Cerises Past\u00e8que Melon Fraises P\u00eache Kiwi Sucre Glace \u00e0 la mangue<\/p>\n","protected":false},"featured_media":6896,"template":"","meta":[],"product_brand":[],"product_cat":[173],"product_tag":[],"class_list":{"0":"post-6893","1":"product","2":"type-product","3":"status-publish","4":"has-post-thumbnail","6":"product_cat-desserts-et-fromages","8":"first","9":"outofstock","10":"taxable","11":"shipping-taxable","12":"purchasable","13":"product-type-simple"},"_links":{"self":[{"href":"https:\/\/restauranteasturianolagalana.es\/fr\/wp-json\/wp\/v2\/product\/6893","targetHints":{"allow":["GET"]}}],"collection":[{"href":"https:\/\/restauranteasturianolagalana.es\/fr\/wp-json\/wp\/v2\/product"}],"about":[{"href":"https:\/\/restauranteasturianolagalana.es\/fr\/wp-json\/wp\/v2\/types\/product"}],"wp:featuredmedia":[{"embeddable":true,"href":"https:\/\/restauranteasturianolagalana.es\/fr\/wp-json\/wp\/v2\/media\/6896"}],"wp:attachment":[{"href":"https:\/\/restauranteasturianolagalana.es\/fr\/wp-json\/wp\/v2\/media?parent=6893"}],"wp:term":[{"taxonomy":"product_brand","embeddable":true,"href":"https:\/\/restauranteasturianolagalana.es\/fr\/wp-json\/wp\/v2\/product_brand?post=6893"},{"taxonomy":"product_cat","embeddable":true,"href":"https:\/\/restauranteasturianolagalana.es\/fr\/wp-json\/wp\/v2\/product_cat?post=6893"},{"taxonomy":"product_tag","embeddable":true,"href":"https:\/\/restauranteasturianolagalana.es\/fr\/wp-json\/wp\/v2\/product_tag?post=6893"}],"curies":[{"name":"wp","href":"https:\/\/api.w.org\/{rel}","templated":true}]}}