{"id":6887,"date":"2020-05-25T13:00:57","date_gmt":"2024-06-20T15:44:58","guid":{"rendered":"https:\/\/restauranteasturianolagalana.es\/?post_type=product&#038;p=6887"},"modified":"2024-08-06T08:21:24","modified_gmt":"2024-08-06T06:21:24","slug":"miettes-de-brownie-chocolat-chaud-et-glace-a-la-cerise-copia","status":"publish","type":"product","link":"https:\/\/restauranteasturianolagalana.es\/fr\/producto\/miettes-de-brownie-chocolat-chaud-et-glace-a-la-cerise-copia\/","title":{"rendered":"Tarte de la grand-m\u00e8re"},"content":{"rendered":"<div class=\"vc_row wpb_row vc_inner row vc_custom_1577697363335 mpc-row\">\n<div class=\"wpb_column vc_column_container vc_col-sm-6 mpc-column\" data-column-id=\"mpc_column-725ed6b8018542f\">\n<div class=\"vc_column-inner \">\n<div class=\"wpb_wrapper\">\n<div class=\"list list-5ed6b8018535d bullet \">\n<ul style=\"margin-top: 15px;\">\n<li>Chocolat cr\u00e9meux<\/li>\n<li>Jaunes d&rsquo;oeuf<\/li>\n<li>Sucre<\/li>\n<li>Lait<\/li>\n<li>Biscuit<\/li>\n<li>G\u00e9latine<\/li>\n<\/ul>\n<p><strong>Croquant:<\/strong><\/p>\n<ul style=\"margin-top: 15px;\">\n<li>P\u00e2te filo<\/li>\n<li>Sucre glace<\/li>\n<li>Cr\u00e8me liquide<\/li>\n<\/ul>\n<\/div>\n<\/div>\n<\/div>\n<\/div>\n<div class=\"wpb_column vc_column_container vc_col-sm-6 mpc-column\" data-column-id=\"mpc_column-205ed6b801856cc\">\n<div class=\"vc_column-inner \">\n<div class=\"wpb_wrapper\">\n<div class=\"list list-5ed6b80185612 bullet \">\n<p><strong>Cr\u00e8me anglaise:<\/strong><\/p>\n<ul style=\"margin-top: 15px;\">\n<li>Cr\u00e8me liquide<\/li>\n<li>Lait<\/li>\n<li>Jaunes d&rsquo;oeuf<\/li>\n<li>Sucre<\/li>\n<\/ul>\n<\/div>\n<\/div>\n<\/div>\n<\/div>\n<\/div>\n","protected":false},"excerpt":{"rendered":"<p>Chocolat cr\u00e9meux Jaunes d&rsquo;oeuf Sucre Lait Biscuit G\u00e9latine Croquant: P\u00e2te filo Sucre glace Cr\u00e8me liquide Cr\u00e8me anglaise: Cr\u00e8me liquide Lait Jaunes d&rsquo;oeuf Sucre<\/p>\n","protected":false},"featured_media":7273,"template":"","meta":[],"product_brand":[],"product_cat":[173],"product_tag":[],"class_list":{"0":"post-6887","1":"product","2":"type-product","3":"status-publish","4":"has-post-thumbnail","6":"product_cat-desserts-et-fromages","8":"first","9":"instock","10":"taxable","11":"shipping-taxable","12":"purchasable","13":"product-type-simple"},"_links":{"self":[{"href":"https:\/\/restauranteasturianolagalana.es\/fr\/wp-json\/wp\/v2\/product\/6887","targetHints":{"allow":["GET"]}}],"collection":[{"href":"https:\/\/restauranteasturianolagalana.es\/fr\/wp-json\/wp\/v2\/product"}],"about":[{"href":"https:\/\/restauranteasturianolagalana.es\/fr\/wp-json\/wp\/v2\/types\/product"}],"wp:featuredmedia":[{"embeddable":true,"href":"https:\/\/restauranteasturianolagalana.es\/fr\/wp-json\/wp\/v2\/media\/7273"}],"wp:attachment":[{"href":"https:\/\/restauranteasturianolagalana.es\/fr\/wp-json\/wp\/v2\/media?parent=6887"}],"wp:term":[{"taxonomy":"product_brand","embeddable":true,"href":"https:\/\/restauranteasturianolagalana.es\/fr\/wp-json\/wp\/v2\/product_brand?post=6887"},{"taxonomy":"product_cat","embeddable":true,"href":"https:\/\/restauranteasturianolagalana.es\/fr\/wp-json\/wp\/v2\/product_cat?post=6887"},{"taxonomy":"product_tag","embeddable":true,"href":"https:\/\/restauranteasturianolagalana.es\/fr\/wp-json\/wp\/v2\/product_tag?post=6887"}],"curies":[{"name":"wp","href":"https:\/\/api.w.org\/{rel}","templated":true}]}}