{"id":6825,"date":"2020-05-25T13:40:23","date_gmt":"2020-05-25T11:40:23","guid":{"rendered":"https:\/\/restauranteasturianolagalana.es\/producto\/cremeux-au-chocolat-blanc-avec-fraises-en-texture\/"},"modified":"2024-05-16T13:55:55","modified_gmt":"2024-05-16T11:55:55","slug":"cremeux-au-chocolat-blanc-avec-fraises-en-texture","status":"publish","type":"product","link":"https:\/\/restauranteasturianolagalana.es\/fr\/producto\/cremeux-au-chocolat-blanc-avec-fraises-en-texture\/","title":{"rendered":"Cr\u00e9meux au chocolat blanc avec fraises en texture"},"content":{"rendered":"<div class=\"list list-5ed7592ba268e bullet \">\n<ul>\n<li>Lait<\/li>\n<li>Cr\u00e8me<\/li>\n<li>Chocolat blanc<\/li>\n<li>G\u00e9latine<\/li>\n<li>Fraises<\/li>\n<li>Framboises lyophilis\u00e9es<\/li>\n<li>P\u00e2te filo<\/li>\n<li>Sucre glace<\/li>\n<li>Jaune d\u2019\u0153uf<\/li>\n<li>Sel<\/li>\n<\/ul>\n<\/div>\n","protected":false},"excerpt":{"rendered":"<p>Lait Cr\u00e8me Chocolat blanc G\u00e9latine Fraises Framboises lyophilis\u00e9es P\u00e2te filo Sucre glace Jaune d\u2019\u0153uf Sel<\/p>\n","protected":false},"featured_media":6832,"template":"","meta":[],"product_brand":[],"product_cat":[173],"product_tag":[],"class_list":{"0":"post-6825","1":"product","2":"type-product","3":"status-publish","4":"has-post-thumbnail","6":"product_cat-desserts-et-fromages","8":"first","9":"outofstock","10":"taxable","11":"shipping-taxable","12":"purchasable","13":"product-type-simple"},"_links":{"self":[{"href":"https:\/\/restauranteasturianolagalana.es\/fr\/wp-json\/wp\/v2\/product\/6825","targetHints":{"allow":["GET"]}}],"collection":[{"href":"https:\/\/restauranteasturianolagalana.es\/fr\/wp-json\/wp\/v2\/product"}],"about":[{"href":"https:\/\/restauranteasturianolagalana.es\/fr\/wp-json\/wp\/v2\/types\/product"}],"wp:featuredmedia":[{"embeddable":true,"href":"https:\/\/restauranteasturianolagalana.es\/fr\/wp-json\/wp\/v2\/media\/6832"}],"wp:attachment":[{"href":"https:\/\/restauranteasturianolagalana.es\/fr\/wp-json\/wp\/v2\/media?parent=6825"}],"wp:term":[{"taxonomy":"product_brand","embeddable":true,"href":"https:\/\/restauranteasturianolagalana.es\/fr\/wp-json\/wp\/v2\/product_brand?post=6825"},{"taxonomy":"product_cat","embeddable":true,"href":"https:\/\/restauranteasturianolagalana.es\/fr\/wp-json\/wp\/v2\/product_cat?post=6825"},{"taxonomy":"product_tag","embeddable":true,"href":"https:\/\/restauranteasturianolagalana.es\/fr\/wp-json\/wp\/v2\/product_tag?post=6825"}],"curies":[{"name":"wp","href":"https:\/\/api.w.org\/{rel}","templated":true}]}}