{"id":6762,"date":"2020-05-26T10:30:12","date_gmt":"2020-05-26T08:50:12","guid":{"rendered":"https:\/\/restauranteasturianolagalana.es\/producto\/petit-calamar-de-gijon-aux-oignons-2\/"},"modified":"2024-05-10T09:41:18","modified_gmt":"2024-05-10T07:41:18","slug":"petit-calamar-de-gijon-aux-oignons-2","status":"publish","type":"product","link":"https:\/\/restauranteasturianolagalana.es\/fr\/producto\/petit-calamar-de-gijon-aux-oignons-2\/","title":{"rendered":"Petit calamar de Gij\u00f3n aux oignons"},"content":{"rendered":"<div class=\"vc_row wpb_row vc_inner row vc_custom_1577697363335 mpc-row\">\n<div class=\"wpb_column vc_column_container vc_col-sm-6 mpc-column\" data-column-id=\"mpc_column-725ed6b8018542f\">\n<div class=\"vc_column-inner \">\n<div class=\"wpb_wrapper\">\n<div class=\"list list-5ed6b8018535d bullet \">\n<ul>\n<li>Petits Calamars Frais<\/li>\n<li>Riz Basmati<\/li>\n<li>Oignon<\/li>\n<li>Oignon Rouge<\/li>\n<li>Poireaux<\/li>\n<li>Carotte<\/li>\n<li>C\u00e9leri<\/li>\n<\/ul>\n<\/div>\n<\/div>\n<\/div>\n<\/div>\n<div class=\"wpb_column vc_column_container vc_col-sm-6 mpc-column\" data-column-id=\"mpc_column-205ed6b801856cc\">\n<div class=\"vc_column-inner \">\n<div class=\"wpb_wrapper\">\n<div class=\"list list-5ed6b80185612 bullet \">\n<ul>\n<li>Ail<\/li>\n<li>Vin Blanc<\/li>\n<li>Huile<\/li>\n<li>P\u00e2te De Curry Rouge<\/li>\n<li>Maizena<\/li>\n<li>Sel, \u00c9pices<\/li>\n<\/ul>\n<\/div>\n<\/div>\n<\/div>\n<\/div>\n<\/div>\n","protected":false},"excerpt":{"rendered":"<p>Petits Calamars Frais Riz Basmati Oignon Oignon Rouge Poireaux Carotte C\u00e9leri Ail Vin Blanc Huile P\u00e2te De Curry Rouge Maizena Sel, \u00c9pices<\/p>\n","protected":false},"featured_media":6578,"template":"","meta":[],"product_brand":[],"product_cat":[179],"product_tag":[],"class_list":{"0":"post-6762","1":"product","2":"type-product","3":"status-publish","4":"has-post-thumbnail","6":"product_cat-tapas-fr-2","8":"first","9":"instock","10":"taxable","11":"shipping-taxable","12":"purchasable","13":"product-type-simple"},"_links":{"self":[{"href":"https:\/\/restauranteasturianolagalana.es\/fr\/wp-json\/wp\/v2\/product\/6762","targetHints":{"allow":["GET"]}}],"collection":[{"href":"https:\/\/restauranteasturianolagalana.es\/fr\/wp-json\/wp\/v2\/product"}],"about":[{"href":"https:\/\/restauranteasturianolagalana.es\/fr\/wp-json\/wp\/v2\/types\/product"}],"wp:featuredmedia":[{"embeddable":true,"href":"https:\/\/restauranteasturianolagalana.es\/fr\/wp-json\/wp\/v2\/media\/6578"}],"wp:attachment":[{"href":"https:\/\/restauranteasturianolagalana.es\/fr\/wp-json\/wp\/v2\/media?parent=6762"}],"wp:term":[{"taxonomy":"product_brand","embeddable":true,"href":"https:\/\/restauranteasturianolagalana.es\/fr\/wp-json\/wp\/v2\/product_brand?post=6762"},{"taxonomy":"product_cat","embeddable":true,"href":"https:\/\/restauranteasturianolagalana.es\/fr\/wp-json\/wp\/v2\/product_cat?post=6762"},{"taxonomy":"product_tag","embeddable":true,"href":"https:\/\/restauranteasturianolagalana.es\/fr\/wp-json\/wp\/v2\/product_tag?post=6762"}],"curies":[{"name":"wp","href":"https:\/\/api.w.org\/{rel}","templated":true}]}}