{"id":6638,"date":"2021-12-23T16:05:26","date_gmt":"2021-12-23T15:05:26","guid":{"rendered":"https:\/\/restauranteasturianolagalana.es\/product\/ragout-vegane-aux-legumes\/"},"modified":"2024-03-01T12:28:39","modified_gmt":"2024-03-01T11:28:39","slug":"ragout-vegane-aux-legumes","status":"publish","type":"product","link":"https:\/\/restauranteasturianolagalana.es\/fr\/producto\/ragout-vegane-aux-legumes\/","title":{"rendered":"Rago\u00fbt v\u00e9gane aux l\u00e9gumes"},"content":{"rendered":"<div class=\"vc_row wpb_row vc_inner row vc_custom_1577697363335 mpc-row\">\n<div class=\"wpb_column vc_column_container vc_col-sm-6 mpc-column\" data-column-id=\"mpc_column-725ed6b8018542f\">\n<div class=\"vc_column-inner \">\n<div class=\"wpb_wrapper\">\n<div class=\"list list-5ed6b8018535d bullet \">\n<ul>\n<li>Citrouille<\/li>\n<li>\u00c9pinard<\/li>\n<li>Patate douce<\/li>\n<li>Pomme de terre<\/li>\n<li>Blette<\/li>\n<li>Carotte<\/li>\n<li>Oignon<\/li>\n<\/ul>\n<\/div>\n<\/div>\n<\/div>\n<\/div>\n<div class=\"wpb_column vc_column_container vc_col-sm-6 mpc-column\" data-column-id=\"mpc_column-205ed6b801856cc\">\n<div class=\"vc_column-inner \">\n<div class=\"wpb_wrapper\">\n<div class=\"list list-5ed6b80185612 bullet \">\n<ul>\n<li>Ail<\/li>\n<li>C\u00e9leri<\/li>\n<li>Poireau<\/li>\n<li>Huile, cr\u00e8me de piment choricero<\/li>\n<li>Paprika, sel<\/li>\n<\/ul>\n<\/div>\n<\/div>\n<\/div>\n<\/div>\n<\/div>\n","protected":false},"excerpt":{"rendered":"<p>Citrouille \u00c9pinard Patate douce Pomme de terre Blette Carotte Oignon Ail C\u00e9leri Poireau Huile, cr\u00e8me de piment choricero Paprika, sel<\/p>\n","protected":false},"featured_media":6133,"template":"","meta":[],"product_brand":[],"product_cat":[214],"product_tag":[],"class_list":{"0":"post-6638","1":"product","2":"type-product","3":"status-publish","4":"has-post-thumbnail","6":"product_cat-lhiver","8":"first","9":"outofstock","10":"taxable","11":"shipping-taxable","12":"purchasable","13":"product-type-simple"},"_links":{"self":[{"href":"https:\/\/restauranteasturianolagalana.es\/fr\/wp-json\/wp\/v2\/product\/6638","targetHints":{"allow":["GET"]}}],"collection":[{"href":"https:\/\/restauranteasturianolagalana.es\/fr\/wp-json\/wp\/v2\/product"}],"about":[{"href":"https:\/\/restauranteasturianolagalana.es\/fr\/wp-json\/wp\/v2\/types\/product"}],"wp:featuredmedia":[{"embeddable":true,"href":"https:\/\/restauranteasturianolagalana.es\/fr\/wp-json\/wp\/v2\/media\/6133"}],"wp:attachment":[{"href":"https:\/\/restauranteasturianolagalana.es\/fr\/wp-json\/wp\/v2\/media?parent=6638"}],"wp:term":[{"taxonomy":"product_brand","embeddable":true,"href":"https:\/\/restauranteasturianolagalana.es\/fr\/wp-json\/wp\/v2\/product_brand?post=6638"},{"taxonomy":"product_cat","embeddable":true,"href":"https:\/\/restauranteasturianolagalana.es\/fr\/wp-json\/wp\/v2\/product_cat?post=6638"},{"taxonomy":"product_tag","embeddable":true,"href":"https:\/\/restauranteasturianolagalana.es\/fr\/wp-json\/wp\/v2\/product_tag?post=6638"}],"curies":[{"name":"wp","href":"https:\/\/api.w.org\/{rel}","templated":true}]}}