{"id":6634,"date":"2020-05-29T16:30:51","date_gmt":"2020-05-29T14:30:51","guid":{"rendered":"https:\/\/restauranteasturianolagalana.es\/product\/moules-au-chili-crab-de-son-jus\/"},"modified":"2024-03-01T12:22:08","modified_gmt":"2024-03-01T11:22:08","slug":"moules-au-chili-crab-de-son-jus","status":"publish","type":"product","link":"https:\/\/restauranteasturianolagalana.es\/fr\/producto\/moules-au-chili-crab-de-son-jus\/","title":{"rendered":"Moules au chili crab de son jus"},"content":{"rendered":"<div class=\"list list-5ed7592ba268e bullet \">\n<ul>\n<li>Moules<\/li>\n<li>P\u00e2te de curry<\/li>\n<li>Sauce mexicaine pico de gallo<\/li>\n<li>L\u00e9gumes \u00e9pic\u00e9s<\/li>\n<\/ul>\n<\/div>\n","protected":false},"excerpt":{"rendered":"<p>Moules P\u00e2te de curry Sauce mexicaine pico de gallo L\u00e9gumes \u00e9pic\u00e9s<\/p>\n","protected":false},"featured_media":6678,"template":"","meta":[],"product_brand":[],"product_cat":[214],"product_tag":[],"class_list":{"0":"post-6634","1":"product","2":"type-product","3":"status-publish","4":"has-post-thumbnail","6":"product_cat-lhiver","8":"first","9":"outofstock","10":"taxable","11":"shipping-taxable","12":"purchasable","13":"product-type-simple"},"_links":{"self":[{"href":"https:\/\/restauranteasturianolagalana.es\/fr\/wp-json\/wp\/v2\/product\/6634","targetHints":{"allow":["GET"]}}],"collection":[{"href":"https:\/\/restauranteasturianolagalana.es\/fr\/wp-json\/wp\/v2\/product"}],"about":[{"href":"https:\/\/restauranteasturianolagalana.es\/fr\/wp-json\/wp\/v2\/types\/product"}],"wp:featuredmedia":[{"embeddable":true,"href":"https:\/\/restauranteasturianolagalana.es\/fr\/wp-json\/wp\/v2\/media\/6678"}],"wp:attachment":[{"href":"https:\/\/restauranteasturianolagalana.es\/fr\/wp-json\/wp\/v2\/media?parent=6634"}],"wp:term":[{"taxonomy":"product_brand","embeddable":true,"href":"https:\/\/restauranteasturianolagalana.es\/fr\/wp-json\/wp\/v2\/product_brand?post=6634"},{"taxonomy":"product_cat","embeddable":true,"href":"https:\/\/restauranteasturianolagalana.es\/fr\/wp-json\/wp\/v2\/product_cat?post=6634"},{"taxonomy":"product_tag","embeddable":true,"href":"https:\/\/restauranteasturianolagalana.es\/fr\/wp-json\/wp\/v2\/product_tag?post=6634"}],"curies":[{"name":"wp","href":"https:\/\/api.w.org\/{rel}","templated":true}]}}