{"id":6633,"date":"2021-12-23T16:35:08","date_gmt":"2021-12-23T15:35:08","guid":{"rendered":"https:\/\/restauranteasturianolagalana.es\/product\/roast-duck-magret-de-canard-cuisine-facon-roast-beef-avec-creme-aux-noisettes\/"},"modified":"2021-12-23T16:35:08","modified_gmt":"2021-12-23T15:35:08","slug":"roast-duck-magret-de-canard-cuisine-facon-roast-beef-avec-creme-aux-noisettes","status":"publish","type":"product","link":"https:\/\/restauranteasturianolagalana.es\/fr\/producto\/roast-duck-magret-de-canard-cuisine-facon-roast-beef-avec-creme-aux-noisettes\/","title":{"rendered":"Roast Duck (Magret de canard cuisin\u00e9 fa\u00e7on roast beef) avec cr\u00e8me aux noisettes"},"content":{"rendered":"<div class=\"list list-5ed7592ba268e bullet \">\n<ul>\n<li>Ingredientes<\/li>\n<\/ul>\n<\/div>\n","protected":false},"excerpt":{"rendered":"<p>Ingredientes<\/p>\n","protected":false},"featured_media":6666,"template":"","meta":[],"product_brand":[],"product_cat":[214],"product_tag":[],"class_list":{"0":"post-6633","1":"product","2":"type-product","3":"status-publish","4":"has-post-thumbnail","6":"product_cat-lhiver","8":"first","9":"outofstock","10":"taxable","11":"shipping-taxable","12":"purchasable","13":"product-type-simple"},"_links":{"self":[{"href":"https:\/\/restauranteasturianolagalana.es\/fr\/wp-json\/wp\/v2\/product\/6633","targetHints":{"allow":["GET"]}}],"collection":[{"href":"https:\/\/restauranteasturianolagalana.es\/fr\/wp-json\/wp\/v2\/product"}],"about":[{"href":"https:\/\/restauranteasturianolagalana.es\/fr\/wp-json\/wp\/v2\/types\/product"}],"wp:featuredmedia":[{"embeddable":true,"href":"https:\/\/restauranteasturianolagalana.es\/fr\/wp-json\/wp\/v2\/media\/6666"}],"wp:attachment":[{"href":"https:\/\/restauranteasturianolagalana.es\/fr\/wp-json\/wp\/v2\/media?parent=6633"}],"wp:term":[{"taxonomy":"product_brand","embeddable":true,"href":"https:\/\/restauranteasturianolagalana.es\/fr\/wp-json\/wp\/v2\/product_brand?post=6633"},{"taxonomy":"product_cat","embeddable":true,"href":"https:\/\/restauranteasturianolagalana.es\/fr\/wp-json\/wp\/v2\/product_cat?post=6633"},{"taxonomy":"product_tag","embeddable":true,"href":"https:\/\/restauranteasturianolagalana.es\/fr\/wp-json\/wp\/v2\/product_tag?post=6633"}],"curies":[{"name":"wp","href":"https:\/\/api.w.org\/{rel}","templated":true}]}}