{"id":6631,"date":"2020-05-26T12:47:53","date_gmt":"2021-12-23T15:45:53","guid":{"rendered":"https:\/\/restauranteasturianolagalana.es\/product\/aloyau-foie-et-ragout-de-champignons-sauvages\/"},"modified":"2025-06-25T11:09:01","modified_gmt":"2025-06-25T09:09:01","slug":"aloyau-foie-et-ragout-de-champignons-sauvages","status":"publish","type":"product","link":"https:\/\/restauranteasturianolagalana.es\/fr\/producto\/aloyau-foie-et-ragout-de-champignons-sauvages\/","title":{"rendered":"Pav\u00e9 en brochette, lard et l\u00e9gumes r\u00f4tis"},"content":{"rendered":"<div class=\"list list-5ed7592ba268e bullet \">\n<ul>\n<li>Pav\u00e9<\/li>\n<li>Foie gras<\/li>\n<li>Oignon<\/li>\n<li>Truffe noire<\/li>\n<li>Beurre<\/li>\n<li>Vin blanc<\/li>\n<li>Bouillon de viande<\/li>\n<\/ul>\n<\/div>\n","protected":false},"excerpt":{"rendered":"<p>Pav\u00e9 Foie gras Oignon Truffe noire Beurre Vin blanc Bouillon de viande<\/p>\n","protected":false},"featured_media":5977,"template":"","meta":[],"product_brand":[],"product_cat":[479],"product_tag":[],"class_list":{"0":"post-6631","1":"product","2":"type-product","3":"status-publish","4":"has-post-thumbnail","6":"product_cat-viande-asturienne-roxa","8":"first","9":"outofstock","10":"taxable","11":"shipping-taxable","12":"purchasable","13":"product-type-simple"},"_links":{"self":[{"href":"https:\/\/restauranteasturianolagalana.es\/fr\/wp-json\/wp\/v2\/product\/6631","targetHints":{"allow":["GET"]}}],"collection":[{"href":"https:\/\/restauranteasturianolagalana.es\/fr\/wp-json\/wp\/v2\/product"}],"about":[{"href":"https:\/\/restauranteasturianolagalana.es\/fr\/wp-json\/wp\/v2\/types\/product"}],"wp:featuredmedia":[{"embeddable":true,"href":"https:\/\/restauranteasturianolagalana.es\/fr\/wp-json\/wp\/v2\/media\/5977"}],"wp:attachment":[{"href":"https:\/\/restauranteasturianolagalana.es\/fr\/wp-json\/wp\/v2\/media?parent=6631"}],"wp:term":[{"taxonomy":"product_brand","embeddable":true,"href":"https:\/\/restauranteasturianolagalana.es\/fr\/wp-json\/wp\/v2\/product_brand?post=6631"},{"taxonomy":"product_cat","embeddable":true,"href":"https:\/\/restauranteasturianolagalana.es\/fr\/wp-json\/wp\/v2\/product_cat?post=6631"},{"taxonomy":"product_tag","embeddable":true,"href":"https:\/\/restauranteasturianolagalana.es\/fr\/wp-json\/wp\/v2\/product_tag?post=6631"}],"curies":[{"name":"wp","href":"https:\/\/api.w.org\/{rel}","templated":true}]}}