{"id":6626,"date":"2020-05-25T13:30:58","date_gmt":"2023-12-21T10:14:58","guid":{"rendered":"https:\/\/restauranteasturianolagalana.es\/product\/tarte-a-la-noisette-asturienne-de-pilona-avec-jaune-doeuf-brule-et-glace-au-citron-vert-et-yuzu\/"},"modified":"2024-03-01T12:14:02","modified_gmt":"2024-03-01T11:14:02","slug":"tarte-a-la-noisette-asturienne-de-pilona-avec-jaune-doeuf-brule-et-glace-au-citron-vert-et-yuzu","status":"publish","type":"product","link":"https:\/\/restauranteasturianolagalana.es\/fr\/producto\/tarte-a-la-noisette-asturienne-de-pilona-avec-jaune-doeuf-brule-et-glace-au-citron-vert-et-yuzu\/","title":{"rendered":"Tarte \u00e0 la noisette asturienne de Pilo\u00f1a avec jaune d\u2019\u0153uf br\u00fbl\u00e9 et glace au citron vert et yuzu"},"content":{"rendered":"<div class=\"list list-5ed7592ba268e bullet \">\n<ul>\n<li>Noisette<\/li>\n<li>Fromage frais<\/li>\n<li>Yaourt<\/li>\n<li>Beurre<\/li>\n<li>Ma\u00efzena<\/li>\n<li>Oeuf<\/li>\n<li>Alcohol \u00e0 la noisette<\/li>\n<\/ul>\n<p><strong>Glace<\/strong>: Pur\u00e9e au citron, sucre, vodka\n<\/div>\n","protected":false},"excerpt":{"rendered":"<p>Noisette Fromage frais Yaourt Beurre Ma\u00efzena Oeuf Alcohol \u00e0 la noisette Glace: Pur\u00e9e au citron, sucre, vodka<\/p>\n","protected":false},"featured_media":6660,"template":"","meta":[],"product_brand":[],"product_cat":[173],"product_tag":[],"class_list":{"0":"post-6626","1":"product","2":"type-product","3":"status-publish","4":"has-post-thumbnail","6":"product_cat-desserts-et-fromages","8":"first","9":"outofstock","10":"taxable","11":"shipping-taxable","12":"purchasable","13":"product-type-simple"},"_links":{"self":[{"href":"https:\/\/restauranteasturianolagalana.es\/fr\/wp-json\/wp\/v2\/product\/6626","targetHints":{"allow":["GET"]}}],"collection":[{"href":"https:\/\/restauranteasturianolagalana.es\/fr\/wp-json\/wp\/v2\/product"}],"about":[{"href":"https:\/\/restauranteasturianolagalana.es\/fr\/wp-json\/wp\/v2\/types\/product"}],"wp:featuredmedia":[{"embeddable":true,"href":"https:\/\/restauranteasturianolagalana.es\/fr\/wp-json\/wp\/v2\/media\/6660"}],"wp:attachment":[{"href":"https:\/\/restauranteasturianolagalana.es\/fr\/wp-json\/wp\/v2\/media?parent=6626"}],"wp:term":[{"taxonomy":"product_brand","embeddable":true,"href":"https:\/\/restauranteasturianolagalana.es\/fr\/wp-json\/wp\/v2\/product_brand?post=6626"},{"taxonomy":"product_cat","embeddable":true,"href":"https:\/\/restauranteasturianolagalana.es\/fr\/wp-json\/wp\/v2\/product_cat?post=6626"},{"taxonomy":"product_tag","embeddable":true,"href":"https:\/\/restauranteasturianolagalana.es\/fr\/wp-json\/wp\/v2\/product_tag?post=6626"}],"curies":[{"name":"wp","href":"https:\/\/api.w.org\/{rel}","templated":true}]}}