{"id":6496,"date":"2020-05-26T12:12:17","date_gmt":"2023-09-22T16:20:16","guid":{"rendered":"https:\/\/restauranteasturianolagalana.es\/?post_type=product&#038;p=6496"},"modified":"2023-09-22T18:20:17","modified_gmt":"2023-09-22T16:20:17","slug":"riz-au-homard-2","status":"publish","type":"product","link":"https:\/\/restauranteasturianolagalana.es\/fr\/producto\/riz-au-homard-2\/","title":{"rendered":"Riz au homard"},"content":{"rendered":"<div class=\"vc_row wpb_row vc_inner row mpc-row\">\n<div class=\"wpb_column vc_column_container vc_col-sm-6 mpc-column\" data-column-id=\"mpc_column-865ed6c19a88dd7\">\n<div class=\"vc_column-inner \">\n<div class=\"wpb_wrapper\">\n<div class=\"list list-5ed6c19a88ce3 bullet \">\n<ul>\n<li>Riz<\/li>\n<li>Homard<\/li>\n<li>Ail<\/li>\n<li>Brandy<\/li>\n<li>Poivron grill\u00e9<\/li>\n<li>Citron<\/li>\n<\/ul>\n<\/div>\n<\/div>\n<\/div>\n<\/div>\n<div class=\"wpb_column vc_column_container vc_col-sm-6 mpc-column\" data-column-id=\"mpc_column-365ed6c19a89058\">\n<div class=\"vc_column-inner \">\n<div class=\"wpb_wrapper\">\n<div class=\"list list-5ed6c19a88fad bullet \">\n<ul>\n<li>Ratatouille<\/li>\n<li>Sauce marini\u00e8re<\/li>\n<li>Cr\u00e8me de crabe<\/li>\n<li>Piment choricero, Sel<\/li>\n<\/ul>\n<\/div>\n<\/div>\n<\/div>\n<\/div>\n<\/div>\n","protected":false},"excerpt":{"rendered":"<p>Riz Homard Ail Brandy Poivron grill\u00e9 Citron Ratatouille Sauce marini\u00e8re Cr\u00e8me de crabe Piment choricero, Sel<\/p>\n","protected":false},"featured_media":5405,"template":"","meta":[],"product_brand":[],"product_cat":[171],"product_tag":[],"class_list":{"0":"post-6496","1":"product","2":"type-product","3":"status-publish","4":"has-post-thumbnail","6":"product_cat-plats-a-la-cuillere-haricots-et-riz","8":"first","9":"outofstock","10":"taxable","11":"shipping-taxable","12":"purchasable","13":"product-type-simple"},"_links":{"self":[{"href":"https:\/\/restauranteasturianolagalana.es\/fr\/wp-json\/wp\/v2\/product\/6496","targetHints":{"allow":["GET"]}}],"collection":[{"href":"https:\/\/restauranteasturianolagalana.es\/fr\/wp-json\/wp\/v2\/product"}],"about":[{"href":"https:\/\/restauranteasturianolagalana.es\/fr\/wp-json\/wp\/v2\/types\/product"}],"wp:featuredmedia":[{"embeddable":true,"href":"https:\/\/restauranteasturianolagalana.es\/fr\/wp-json\/wp\/v2\/media\/5405"}],"wp:attachment":[{"href":"https:\/\/restauranteasturianolagalana.es\/fr\/wp-json\/wp\/v2\/media?parent=6496"}],"wp:term":[{"taxonomy":"product_brand","embeddable":true,"href":"https:\/\/restauranteasturianolagalana.es\/fr\/wp-json\/wp\/v2\/product_brand?post=6496"},{"taxonomy":"product_cat","embeddable":true,"href":"https:\/\/restauranteasturianolagalana.es\/fr\/wp-json\/wp\/v2\/product_cat?post=6496"},{"taxonomy":"product_tag","embeddable":true,"href":"https:\/\/restauranteasturianolagalana.es\/fr\/wp-json\/wp\/v2\/product_tag?post=6496"}],"curies":[{"name":"wp","href":"https:\/\/api.w.org\/{rel}","templated":true}]}}