{"id":6494,"date":"2020-09-23T19:43:58","date_gmt":"2020-09-23T17:43:58","guid":{"rendered":"https:\/\/restauranteasturianolagalana.es\/product\/couscous-au-sanglier\/"},"modified":"2023-10-31T09:32:06","modified_gmt":"2023-10-31T08:32:06","slug":"couscous-au-sanglier","status":"publish","type":"product","link":"https:\/\/restauranteasturianolagalana.es\/fr\/producto\/couscous-au-sanglier\/","title":{"rendered":"Couscous au sanglier"},"content":{"rendered":"<div class=\"vc_row wpb_row vc_inner row vc_custom_1577697363335 mpc-row\">\n<div class=\"wpb_column vc_column_container vc_col-sm-6 mpc-column\" data-column-id=\"mpc_column-725ed6b8018542f\">\n<div class=\"vc_column-inner \">\n<div class=\"wpb_wrapper\">\n<div class=\"list list-5ed6b8018535d bullet \">\n<ul>\n<li>Sanglier<\/li>\n<li>Couscous<\/li>\n<li>Beurre<\/li>\n<li>\u00c9pinard<\/li>\n<li>Haricots<\/li>\n<li>Pois chiches<\/li>\n<li>Pois<\/li>\n<li>Oignon<\/li>\n<\/ul>\n<\/div>\n<\/div>\n<\/div>\n<\/div>\n<div class=\"wpb_column vc_column_container vc_col-sm-6 mpc-column\" data-column-id=\"mpc_column-205ed6b801856cc\">\n<div class=\"vc_column-inner \">\n<div class=\"wpb_wrapper\">\n<div class=\"list list-5ed6b80185612 bullet \">\n<ul>\n<li>Oignon rouge<\/li>\n<li>Ail<\/li>\n<li>Coriandre<\/li>\n<li>Raisins secs<\/li>\n<li>Amandes<\/li>\n<li>Vin blanc<\/li>\n<li>\u00c9pices, ma\u00efzena<\/li>\n<\/ul>\n<\/div>\n<\/div>\n<\/div>\n<\/div>\n<\/div>\n","protected":false},"excerpt":{"rendered":"<p>Sanglier Couscous Beurre \u00c9pinard Haricots Pois chiches Pois Oignon Oignon rouge Ail Coriandre Raisins secs Amandes Vin blanc \u00c9pices, ma\u00efzena<\/p>\n","protected":false},"featured_media":6563,"template":"","meta":[],"product_brand":[],"product_cat":[211],"product_tag":[],"class_list":{"0":"post-6494","1":"product","2":"type-product","3":"status-publish","4":"has-post-thumbnail","6":"product_cat-automne","8":"first","9":"outofstock","10":"taxable","11":"shipping-taxable","12":"purchasable","13":"product-type-simple"},"_links":{"self":[{"href":"https:\/\/restauranteasturianolagalana.es\/fr\/wp-json\/wp\/v2\/product\/6494","targetHints":{"allow":["GET"]}}],"collection":[{"href":"https:\/\/restauranteasturianolagalana.es\/fr\/wp-json\/wp\/v2\/product"}],"about":[{"href":"https:\/\/restauranteasturianolagalana.es\/fr\/wp-json\/wp\/v2\/types\/product"}],"wp:featuredmedia":[{"embeddable":true,"href":"https:\/\/restauranteasturianolagalana.es\/fr\/wp-json\/wp\/v2\/media\/6563"}],"wp:attachment":[{"href":"https:\/\/restauranteasturianolagalana.es\/fr\/wp-json\/wp\/v2\/media?parent=6494"}],"wp:term":[{"taxonomy":"product_brand","embeddable":true,"href":"https:\/\/restauranteasturianolagalana.es\/fr\/wp-json\/wp\/v2\/product_brand?post=6494"},{"taxonomy":"product_cat","embeddable":true,"href":"https:\/\/restauranteasturianolagalana.es\/fr\/wp-json\/wp\/v2\/product_cat?post=6494"},{"taxonomy":"product_tag","embeddable":true,"href":"https:\/\/restauranteasturianolagalana.es\/fr\/wp-json\/wp\/v2\/product_tag?post=6494"}],"curies":[{"name":"wp","href":"https:\/\/api.w.org\/{rel}","templated":true}]}}