{"id":6490,"date":"2020-05-25T13:27:06","date_gmt":"2023-09-22T16:17:52","guid":{"rendered":"https:\/\/restauranteasturianolagalana.es\/?post_type=product&#038;p=6490"},"modified":"2023-10-31T09:40:23","modified_gmt":"2023-10-31T08:40:23","slug":"casadiella-intxaursaltsa-et-glace-a-la-mandarine","status":"publish","type":"product","link":"https:\/\/restauranteasturianolagalana.es\/fr\/producto\/casadiella-intxaursaltsa-et-glace-a-la-mandarine\/","title":{"rendered":"Casadiella, intxaursaltsa et glace \u00e0 la mandarine"},"content":{"rendered":"<div class=\"list list-5ed7592ba268e bullet \">\n<ul>\n<li>P\u00e2te feuillet\u00e9e<\/li>\n<li>Noix<\/li>\n<li>Sucre<\/li>\n<li>Glace \u00e0 la mandarine<\/li>\n<li>Lait<\/li>\n<li>Blanc d&rsquo;oeuf<\/li>\n<li>Anis<\/li>\n<li>Sucre glace<\/li>\n<li>Cannelle<\/li>\n<\/ul>\n<\/div>\n","protected":false},"excerpt":{"rendered":"<p>P\u00e2te feuillet\u00e9e Noix Sucre Glace \u00e0 la mandarine Lait Blanc d&rsquo;oeuf Anis Sucre glace Cannelle<\/p>\n","protected":false},"featured_media":6123,"template":"","meta":[],"product_brand":[],"product_cat":[173],"product_tag":[],"class_list":{"0":"post-6490","1":"product","2":"type-product","3":"status-publish","4":"has-post-thumbnail","6":"product_cat-desserts-et-fromages","8":"first","9":"outofstock","10":"taxable","11":"shipping-taxable","12":"purchasable","13":"product-type-simple"},"_links":{"self":[{"href":"https:\/\/restauranteasturianolagalana.es\/fr\/wp-json\/wp\/v2\/product\/6490","targetHints":{"allow":["GET"]}}],"collection":[{"href":"https:\/\/restauranteasturianolagalana.es\/fr\/wp-json\/wp\/v2\/product"}],"about":[{"href":"https:\/\/restauranteasturianolagalana.es\/fr\/wp-json\/wp\/v2\/types\/product"}],"wp:featuredmedia":[{"embeddable":true,"href":"https:\/\/restauranteasturianolagalana.es\/fr\/wp-json\/wp\/v2\/media\/6123"}],"wp:attachment":[{"href":"https:\/\/restauranteasturianolagalana.es\/fr\/wp-json\/wp\/v2\/media?parent=6490"}],"wp:term":[{"taxonomy":"product_brand","embeddable":true,"href":"https:\/\/restauranteasturianolagalana.es\/fr\/wp-json\/wp\/v2\/product_brand?post=6490"},{"taxonomy":"product_cat","embeddable":true,"href":"https:\/\/restauranteasturianolagalana.es\/fr\/wp-json\/wp\/v2\/product_cat?post=6490"},{"taxonomy":"product_tag","embeddable":true,"href":"https:\/\/restauranteasturianolagalana.es\/fr\/wp-json\/wp\/v2\/product_tag?post=6490"}],"curies":[{"name":"wp","href":"https:\/\/api.w.org\/{rel}","templated":true}]}}