{"id":6393,"date":"2020-05-29T16:38:05","date_gmt":"2020-05-29T14:38:05","guid":{"rendered":"https:\/\/restauranteasturianolagalana.es\/product\/en-tataki-avec-sauce-soja-et-mousse-de-wasabi\/"},"modified":"2025-06-20T20:43:11","modified_gmt":"2025-06-20T18:43:11","slug":"en-tataki-avec-sauce-soja-et-mousse-de-wasabi","status":"publish","type":"product","link":"https:\/\/restauranteasturianolagalana.es\/fr\/producto\/en-tataki-avec-sauce-soja-et-mousse-de-wasabi\/","title":{"rendered":"En tataki avec sauce soja et mousse de wasabi"},"content":{"rendered":"<div class=\"list list-5ed6bf7911c8e bullet \">\n<ul>\n<li>Atun rojo<\/li>\n<li>S\u00e9same<\/li>\n<li>Sauce soja<\/li>\n<li>Cr\u00e8me liquide<\/li>\n<li>Wasabi<\/li>\n<li>Sauce aigre douce<\/li>\n<li>Citron<\/li>\n<li>Huile de s\u00e9same<\/li>\n<li>Sel de Maldon<\/li>\n<\/ul>\n<\/div>\n","protected":false},"excerpt":{"rendered":"<p>Atun rojo S\u00e9same Sauce soja Cr\u00e8me liquide Wasabi Sauce aigre douce Citron Huile de s\u00e9same Sel de Maldon<\/p>\n","protected":false},"featured_media":6229,"template":"","meta":[],"product_brand":[],"product_cat":[481],"product_tag":[],"class_list":{"0":"post-6393","1":"product","2":"type-product","3":"status-publish","4":"has-post-thumbnail","6":"product_cat-notre-bonite-du-nord","8":"first","9":"instock","10":"taxable","11":"shipping-taxable","12":"purchasable","13":"product-type-simple"},"_links":{"self":[{"href":"https:\/\/restauranteasturianolagalana.es\/fr\/wp-json\/wp\/v2\/product\/6393","targetHints":{"allow":["GET"]}}],"collection":[{"href":"https:\/\/restauranteasturianolagalana.es\/fr\/wp-json\/wp\/v2\/product"}],"about":[{"href":"https:\/\/restauranteasturianolagalana.es\/fr\/wp-json\/wp\/v2\/types\/product"}],"wp:featuredmedia":[{"embeddable":true,"href":"https:\/\/restauranteasturianolagalana.es\/fr\/wp-json\/wp\/v2\/media\/6229"}],"wp:attachment":[{"href":"https:\/\/restauranteasturianolagalana.es\/fr\/wp-json\/wp\/v2\/media?parent=6393"}],"wp:term":[{"taxonomy":"product_brand","embeddable":true,"href":"https:\/\/restauranteasturianolagalana.es\/fr\/wp-json\/wp\/v2\/product_brand?post=6393"},{"taxonomy":"product_cat","embeddable":true,"href":"https:\/\/restauranteasturianolagalana.es\/fr\/wp-json\/wp\/v2\/product_cat?post=6393"},{"taxonomy":"product_tag","embeddable":true,"href":"https:\/\/restauranteasturianolagalana.es\/fr\/wp-json\/wp\/v2\/product_tag?post=6393"}],"curies":[{"name":"wp","href":"https:\/\/api.w.org\/{rel}","templated":true}]}}