{"id":6390,"date":"2020-05-26T12:07:42","date_gmt":"2020-05-26T10:07:42","guid":{"rendered":"https:\/\/restauranteasturianolagalana.es\/product\/ratatouille-sicilienne-glace-au-basilic-et-fromage-asturien-de-benia\/"},"modified":"2023-07-14T08:28:42","modified_gmt":"2023-07-14T06:28:42","slug":"ratatouille-sicilienne-glace-au-basilic-et-fromage-asturien-de-benia","status":"publish","type":"product","link":"https:\/\/restauranteasturianolagalana.es\/fr\/producto\/ratatouille-sicilienne-glace-au-basilic-et-fromage-asturien-de-benia\/","title":{"rendered":"Ratatouille sicilienne, glace au basilic et fromage asturien de Benia"},"content":{"rendered":"<div class=\"list list-5ed6bf7910a4f bullet \">\n<ul>\n<li>Tomte<\/li>\n<li>C\u00e2pre<\/li>\n<li>Fromage asturien de benia<\/li>\n<li>Cr\u00e8me liquide<\/li>\n<li>Roquette<\/li>\n<\/ul>\n<p><strong>Pour la caponata<\/strong>: Oignon, tomate, vin blanc, aubergine, c\u00e9leri, ail, c\u00e2pre, aceituna, pignons de pin, basilic, origan, huile, vinaigre, sucre brun, tomate s\u00e9ch\u00e9e, sel<\/p>\n<\/div>\n","protected":false},"excerpt":{"rendered":"<p>Tomte C\u00e2pre Fromage asturien de benia Cr\u00e8me liquide Roquette Pour la caponata: Oignon, tomate, vin blanc, aubergine, c\u00e9leri, ail, c\u00e2pre, aceituna, pignons de pin, basilic, origan, huile, vinaigre, sucre brun, tomate s\u00e9ch\u00e9e, sel<\/p>\n","protected":false},"featured_media":6426,"template":"","meta":[],"product_brand":[],"product_cat":[170],"product_tag":[],"class_list":{"0":"post-6390","1":"product","2":"type-product","3":"status-publish","4":"has-post-thumbnail","6":"product_cat-salades-et-entrees-froides","8":"first","9":"outofstock","10":"taxable","11":"shipping-taxable","12":"purchasable","13":"product-type-simple"},"_links":{"self":[{"href":"https:\/\/restauranteasturianolagalana.es\/fr\/wp-json\/wp\/v2\/product\/6390","targetHints":{"allow":["GET"]}}],"collection":[{"href":"https:\/\/restauranteasturianolagalana.es\/fr\/wp-json\/wp\/v2\/product"}],"about":[{"href":"https:\/\/restauranteasturianolagalana.es\/fr\/wp-json\/wp\/v2\/types\/product"}],"wp:featuredmedia":[{"embeddable":true,"href":"https:\/\/restauranteasturianolagalana.es\/fr\/wp-json\/wp\/v2\/media\/6426"}],"wp:attachment":[{"href":"https:\/\/restauranteasturianolagalana.es\/fr\/wp-json\/wp\/v2\/media?parent=6390"}],"wp:term":[{"taxonomy":"product_brand","embeddable":true,"href":"https:\/\/restauranteasturianolagalana.es\/fr\/wp-json\/wp\/v2\/product_brand?post=6390"},{"taxonomy":"product_cat","embeddable":true,"href":"https:\/\/restauranteasturianolagalana.es\/fr\/wp-json\/wp\/v2\/product_cat?post=6390"},{"taxonomy":"product_tag","embeddable":true,"href":"https:\/\/restauranteasturianolagalana.es\/fr\/wp-json\/wp\/v2\/product_tag?post=6390"}],"curies":[{"name":"wp","href":"https:\/\/api.w.org\/{rel}","templated":true}]}}