{"id":6254,"date":"2020-05-26T10:43:48","date_gmt":"2020-05-26T08:43:48","guid":{"rendered":"https:\/\/restauranteasturianolagalana.es\/product\/panache-de-legumes-infusion-iberique-et-jaune-doeuf\/"},"modified":"2023-04-21T08:29:35","modified_gmt":"2023-04-21T06:29:35","slug":"panache-de-legumes-infusion-iberique-et-jaune-doeuf","status":"publish","type":"product","link":"https:\/\/restauranteasturianolagalana.es\/fr\/producto\/panache-de-legumes-infusion-iberique-et-jaune-doeuf\/","title":{"rendered":"Panach\u00e9 de l\u00e9gumes, infusion ib\u00e9rique et jaune d\u2019oeuf"},"content":{"rendered":"<div class=\"vc_row wpb_row vc_inner row vc_custom_1577697363335 mpc-row\">\n<div class=\"wpb_column vc_column_container vc_col-sm-6 mpc-column\" data-column-id=\"mpc_column-725ed6b8018542f\">\n<div class=\"vc_column-inner \">\n<div class=\"wpb_wrapper\">\n<div class=\"list list-5ed6b8018535d bullet \">\n<ul>\n<li>Brocoli<\/li>\n<li>Chou-fleur<\/li>\n<li>Carotte<\/li>\n<li>Asperge verte<\/li>\n<li>Pois mange-tout<\/li>\n<li>Haricots<\/li>\n<li>Pomme de terre<\/li>\n<\/ul>\n<\/div>\n<\/div>\n<\/div>\n<\/div>\n<div class=\"wpb_column vc_column_container vc_col-sm-6 mpc-column\" data-column-id=\"mpc_column-205ed6b801856cc\">\n<div class=\"vc_column-inner \">\n<div class=\"wpb_wrapper\">\n<div class=\"list list-5ed6b80185612 bullet \">\n<ul>\n<li>Petits pois<\/li>\n<li>Ail<\/li>\n<li>Jaune d\u2019\u0153uf<\/li>\n<li>Huile, sel<\/li>\n<li>Bouillon de jambon<\/li>\n<\/ul>\n<\/div>\n<\/div>\n<\/div>\n<\/div>\n<\/div>\n","protected":false},"excerpt":{"rendered":"<p>Brocoli Chou-fleur Carotte Asperge verte Pois mange-tout Haricots Pomme de terre Petits pois Ail Jaune d\u2019\u0153uf Huile, sel Bouillon de jambon<\/p>\n","protected":false},"featured_media":6197,"template":"","meta":[],"product_brand":[],"product_cat":[220],"product_tag":[],"class_list":{"0":"post-6254","1":"product","2":"type-product","3":"status-publish","4":"has-post-thumbnail","6":"product_cat-printemp","8":"first","9":"outofstock","10":"taxable","11":"shipping-taxable","12":"purchasable","13":"product-type-simple"},"_links":{"self":[{"href":"https:\/\/restauranteasturianolagalana.es\/fr\/wp-json\/wp\/v2\/product\/6254","targetHints":{"allow":["GET"]}}],"collection":[{"href":"https:\/\/restauranteasturianolagalana.es\/fr\/wp-json\/wp\/v2\/product"}],"about":[{"href":"https:\/\/restauranteasturianolagalana.es\/fr\/wp-json\/wp\/v2\/types\/product"}],"wp:featuredmedia":[{"embeddable":true,"href":"https:\/\/restauranteasturianolagalana.es\/fr\/wp-json\/wp\/v2\/media\/6197"}],"wp:attachment":[{"href":"https:\/\/restauranteasturianolagalana.es\/fr\/wp-json\/wp\/v2\/media?parent=6254"}],"wp:term":[{"taxonomy":"product_brand","embeddable":true,"href":"https:\/\/restauranteasturianolagalana.es\/fr\/wp-json\/wp\/v2\/product_brand?post=6254"},{"taxonomy":"product_cat","embeddable":true,"href":"https:\/\/restauranteasturianolagalana.es\/fr\/wp-json\/wp\/v2\/product_cat?post=6254"},{"taxonomy":"product_tag","embeddable":true,"href":"https:\/\/restauranteasturianolagalana.es\/fr\/wp-json\/wp\/v2\/product_tag?post=6254"}],"curies":[{"name":"wp","href":"https:\/\/api.w.org\/{rel}","templated":true}]}}