{"id":6252,"date":"2021-12-23T16:40:59","date_gmt":"2020-05-26T08:48:59","guid":{"rendered":"https:\/\/restauranteasturianolagalana.es\/product\/couscous-vegetal-de-legumes-legumineuses-et-raisins-secs\/"},"modified":"2023-04-19T10:17:21","modified_gmt":"2023-04-19T08:17:21","slug":"couscous-vegetal-de-legumes-legumineuses-et-raisins-secs","status":"publish","type":"product","link":"https:\/\/restauranteasturianolagalana.es\/fr\/producto\/couscous-vegetal-de-legumes-legumineuses-et-raisins-secs\/","title":{"rendered":"Couscous v\u00e9g\u00e9tal de l\u00e9gumes. L\u00e9gumineuses et raisins secs"},"content":{"rendered":"<div class=\"vc_row wpb_row vc_inner row vc_custom_1577697363335 mpc-row\">\n<div class=\"wpb_column vc_column_container vc_col-sm-6 mpc-column\" data-column-id=\"mpc_column-725ed6b8018542f\">\n<div class=\"vc_column-inner \">\n<div class=\"wpb_wrapper\">\n<div class=\"list list-5ed6b8018535d bullet \">\n<ul>\n<li>Beurre<\/li>\n<li>\u00c9pinards<\/li>\n<li>Haricots<\/li>\n<li>Pois chiches<\/li>\n<li>Petits pois<\/li>\n<li>Oignon<\/li>\n<li>Oignon rouge<\/li>\n<\/ul>\n<\/div>\n<\/div>\n<\/div>\n<\/div>\n<div class=\"wpb_column vc_column_container vc_col-sm-6 mpc-column\" data-column-id=\"mpc_column-205ed6b801856cc\">\n<div class=\"vc_column-inner \">\n<div class=\"wpb_wrapper\">\n<div class=\"list list-5ed6b80185612 bullet \">\n<ul>\n<li>Ail<\/li>\n<li>C\u00e9leri<\/li>\n<li>Raisins secs<\/li>\n<li>Amandes<\/li>\n<li>Vin blanc<\/li>\n<li>\u00c9pices \/ ma\u00efzena<\/li>\n<\/ul>\n<\/div>\n<\/div>\n<\/div>\n<\/div>\n<\/div>\n","protected":false},"excerpt":{"rendered":"<p>Beurre \u00c9pinards Haricots Pois chiches Petits pois Oignon Oignon rouge Ail C\u00e9leri Raisins secs Amandes Vin blanc \u00c9pices \/ ma\u00efzena<\/p>\n","protected":false},"featured_media":6206,"template":"","meta":[],"product_brand":[],"product_cat":[220],"product_tag":[],"class_list":{"0":"post-6252","1":"product","2":"type-product","3":"status-publish","4":"has-post-thumbnail","6":"product_cat-printemp","8":"first","9":"outofstock","10":"taxable","11":"shipping-taxable","12":"purchasable","13":"product-type-simple"},"_links":{"self":[{"href":"https:\/\/restauranteasturianolagalana.es\/fr\/wp-json\/wp\/v2\/product\/6252","targetHints":{"allow":["GET"]}}],"collection":[{"href":"https:\/\/restauranteasturianolagalana.es\/fr\/wp-json\/wp\/v2\/product"}],"about":[{"href":"https:\/\/restauranteasturianolagalana.es\/fr\/wp-json\/wp\/v2\/types\/product"}],"wp:featuredmedia":[{"embeddable":true,"href":"https:\/\/restauranteasturianolagalana.es\/fr\/wp-json\/wp\/v2\/media\/6206"}],"wp:attachment":[{"href":"https:\/\/restauranteasturianolagalana.es\/fr\/wp-json\/wp\/v2\/media?parent=6252"}],"wp:term":[{"taxonomy":"product_brand","embeddable":true,"href":"https:\/\/restauranteasturianolagalana.es\/fr\/wp-json\/wp\/v2\/product_brand?post=6252"},{"taxonomy":"product_cat","embeddable":true,"href":"https:\/\/restauranteasturianolagalana.es\/fr\/wp-json\/wp\/v2\/product_cat?post=6252"},{"taxonomy":"product_tag","embeddable":true,"href":"https:\/\/restauranteasturianolagalana.es\/fr\/wp-json\/wp\/v2\/product_tag?post=6252"}],"curies":[{"name":"wp","href":"https:\/\/api.w.org\/{rel}","templated":true}]}}