{"id":6083,"date":"2020-05-26T10:30:15","date_gmt":"2020-05-26T08:28:15","guid":{"rendered":"https:\/\/restauranteasturianolagalana.es\/product\/brioche-au-porc-pibil-grille-a-la-mexicaine-emulsion-de-mangue-et-citron-vert\/"},"modified":"2023-01-03T09:31:42","modified_gmt":"2023-01-03T08:31:42","slug":"brioche-au-porc-pibil-grille-a-la-mexicaine-emulsion-de-mangue-et-citron-vert","status":"publish","type":"product","link":"https:\/\/restauranteasturianolagalana.es\/fr\/producto\/brioche-au-porc-pibil-grille-a-la-mexicaine-emulsion-de-mangue-et-citron-vert\/","title":{"rendered":"Brioche au porc pibil grill\u00e9 \u00e0 la mexicaine, \u00e9mulsion de mangue, et citron vert"},"content":{"rendered":"<div class=\"list list-5ed7592bb07c7 bullet \">\n<ul>\n<li>Pain brioche<\/li>\n<li>Joue de porc ib\u00e9rique<\/li>\n<li>Chimichurri<\/li>\n<li>Mayonnaise de mangue<\/li>\n<li>Ail, oignon<\/li>\n<li>Vin blanc<\/li>\n<li>Sel, paprika siracha<\/li>\n<li>Chips de citron vert<\/li>\n<\/ul>\n<\/div>\n","protected":false},"excerpt":{"rendered":"<p>Pain brioche Joue de porc ib\u00e9rique Chimichurri Mayonnaise de mangue Ail, oignon Vin blanc Sel, paprika siracha Chips de citron vert<\/p>\n","protected":false},"featured_media":6139,"template":"","meta":[],"product_brand":[],"product_cat":[177],"product_tag":[],"class_list":{"0":"post-6083","1":"product","2":"type-product","3":"status-publish","4":"has-post-thumbnail","6":"product_cat-minis-fr","8":"first","9":"outofstock","10":"taxable","11":"shipping-taxable","12":"purchasable","13":"product-type-simple"},"_links":{"self":[{"href":"https:\/\/restauranteasturianolagalana.es\/fr\/wp-json\/wp\/v2\/product\/6083","targetHints":{"allow":["GET"]}}],"collection":[{"href":"https:\/\/restauranteasturianolagalana.es\/fr\/wp-json\/wp\/v2\/product"}],"about":[{"href":"https:\/\/restauranteasturianolagalana.es\/fr\/wp-json\/wp\/v2\/types\/product"}],"wp:featuredmedia":[{"embeddable":true,"href":"https:\/\/restauranteasturianolagalana.es\/fr\/wp-json\/wp\/v2\/media\/6139"}],"wp:attachment":[{"href":"https:\/\/restauranteasturianolagalana.es\/fr\/wp-json\/wp\/v2\/media?parent=6083"}],"wp:term":[{"taxonomy":"product_brand","embeddable":true,"href":"https:\/\/restauranteasturianolagalana.es\/fr\/wp-json\/wp\/v2\/product_brand?post=6083"},{"taxonomy":"product_cat","embeddable":true,"href":"https:\/\/restauranteasturianolagalana.es\/fr\/wp-json\/wp\/v2\/product_cat?post=6083"},{"taxonomy":"product_tag","embeddable":true,"href":"https:\/\/restauranteasturianolagalana.es\/fr\/wp-json\/wp\/v2\/product_tag?post=6083"}],"curies":[{"name":"wp","href":"https:\/\/api.w.org\/{rel}","templated":true}]}}