{"id":5937,"date":"2020-05-26T10:42:16","date_gmt":"2022-09-26T06:49:08","guid":{"rendered":"https:\/\/restauranteasturianolagalana.es\/?post_type=product&#038;p=5937"},"modified":"2023-06-23T09:33:22","modified_gmt":"2023-06-23T07:33:22","slug":"wok-vegane-de-spaguettis-kamut-et-sauce-kimchi","status":"publish","type":"product","link":"https:\/\/restauranteasturianolagalana.es\/fr\/producto\/wok-vegane-de-spaguettis-kamut-et-sauce-kimchi\/","title":{"rendered":"Wok v\u00e9gane de spaghettis au bl\u00e9 Khorasan avec l\u00e9gumes, soja et s\u00e9same"},"content":{"rendered":"<div class=\"list list-5ed7592ba268e bullet \">\n<ul>\n<li>Spaghettis de Kamut<\/li>\n<li>Oignon<\/li>\n<li>Oignon rouge<\/li>\n<li>Carotte<\/li>\n<li>Poivron vert<\/li>\n<li>Poivron rouge<\/li>\n<li>Endive<\/li>\n<li>Oignon de printemps<\/li>\n<li>Asperges vertes<\/li>\n<li>Huile de s\u00e9same, soja<\/li>\n<li>Kimchi,sriracha<\/li>\n<\/ul>\n<\/div>\n","protected":false},"excerpt":{"rendered":"<p>Spaghettis de Kamut Oignon Oignon rouge Carotte Poivron vert Poivron rouge Endive Oignon de printemps Asperges vertes Huile de s\u00e9same, soja Kimchi,sriracha<\/p>\n","protected":false},"featured_media":5986,"template":"","meta":[],"product_brand":[],"product_cat":[177],"product_tag":[],"class_list":{"0":"post-5937","1":"product","2":"type-product","3":"status-publish","4":"has-post-thumbnail","6":"product_cat-minis-fr","8":"first","9":"outofstock","10":"taxable","11":"shipping-taxable","12":"purchasable","13":"product-type-simple"},"_links":{"self":[{"href":"https:\/\/restauranteasturianolagalana.es\/fr\/wp-json\/wp\/v2\/product\/5937","targetHints":{"allow":["GET"]}}],"collection":[{"href":"https:\/\/restauranteasturianolagalana.es\/fr\/wp-json\/wp\/v2\/product"}],"about":[{"href":"https:\/\/restauranteasturianolagalana.es\/fr\/wp-json\/wp\/v2\/types\/product"}],"wp:featuredmedia":[{"embeddable":true,"href":"https:\/\/restauranteasturianolagalana.es\/fr\/wp-json\/wp\/v2\/media\/5986"}],"wp:attachment":[{"href":"https:\/\/restauranteasturianolagalana.es\/fr\/wp-json\/wp\/v2\/media?parent=5937"}],"wp:term":[{"taxonomy":"product_brand","embeddable":true,"href":"https:\/\/restauranteasturianolagalana.es\/fr\/wp-json\/wp\/v2\/product_brand?post=5937"},{"taxonomy":"product_cat","embeddable":true,"href":"https:\/\/restauranteasturianolagalana.es\/fr\/wp-json\/wp\/v2\/product_cat?post=5937"},{"taxonomy":"product_tag","embeddable":true,"href":"https:\/\/restauranteasturianolagalana.es\/fr\/wp-json\/wp\/v2\/product_tag?post=5937"}],"curies":[{"name":"wp","href":"https:\/\/api.w.org\/{rel}","templated":true}]}}