{"id":5934,"date":"2020-09-23T19:57:23","date_gmt":"2020-09-23T17:57:23","guid":{"rendered":"https:\/\/restauranteasturianolagalana.es\/product\/pate-aux-champignons-de-saison-et-emulsion-cremeuse-aux-fruits-secs\/"},"modified":"2024-09-24T12:25:20","modified_gmt":"2024-09-24T10:25:20","slug":"pate-aux-champignons-de-saison-et-emulsion-cremeuse-aux-fruits-secs","status":"publish","type":"product","link":"https:\/\/restauranteasturianolagalana.es\/fr\/producto\/pate-aux-champignons-de-saison-et-emulsion-cremeuse-aux-fruits-secs\/","title":{"rendered":"En hummus et son pain grill\u00e9"},"content":{"rendered":"<div class=\"list list-5ed7592ba268e bullet \">\n<ul>\n<li>Champignons<\/li>\n<li>Cr\u00e8me liquide<\/li>\n<li>Oeuf<\/li>\n<li>Salade mesclun<\/li>\n<li>Pain d&rsquo; \u00e9peautre<\/li>\n<li>Tomate cerise<\/li>\n<li>Poivre, sel<\/li>\n<li>Cr\u00e8me de champignons<\/li>\n<li>Fruits secs<\/li>\n<li>Huile<\/li>\n<\/ul>\n<\/div>\n","protected":false},"excerpt":{"rendered":"<p>Champignons Cr\u00e8me liquide Oeuf Salade mesclun Pain d&rsquo; \u00e9peautre Tomate cerise Poivre, sel Cr\u00e8me de champignons Fruits secs Huile<\/p>\n","protected":false},"featured_media":6986,"template":"","meta":[],"product_brand":[],"product_cat":[211],"product_tag":[],"class_list":{"0":"post-5934","1":"product","2":"type-product","3":"status-publish","4":"has-post-thumbnail","6":"product_cat-automne","8":"first","9":"outofstock","10":"taxable","11":"shipping-taxable","12":"purchasable","13":"product-type-simple"},"_links":{"self":[{"href":"https:\/\/restauranteasturianolagalana.es\/fr\/wp-json\/wp\/v2\/product\/5934","targetHints":{"allow":["GET"]}}],"collection":[{"href":"https:\/\/restauranteasturianolagalana.es\/fr\/wp-json\/wp\/v2\/product"}],"about":[{"href":"https:\/\/restauranteasturianolagalana.es\/fr\/wp-json\/wp\/v2\/types\/product"}],"wp:featuredmedia":[{"embeddable":true,"href":"https:\/\/restauranteasturianolagalana.es\/fr\/wp-json\/wp\/v2\/media\/6986"}],"wp:attachment":[{"href":"https:\/\/restauranteasturianolagalana.es\/fr\/wp-json\/wp\/v2\/media?parent=5934"}],"wp:term":[{"taxonomy":"product_brand","embeddable":true,"href":"https:\/\/restauranteasturianolagalana.es\/fr\/wp-json\/wp\/v2\/product_brand?post=5934"},{"taxonomy":"product_cat","embeddable":true,"href":"https:\/\/restauranteasturianolagalana.es\/fr\/wp-json\/wp\/v2\/product_cat?post=5934"},{"taxonomy":"product_tag","embeddable":true,"href":"https:\/\/restauranteasturianolagalana.es\/fr\/wp-json\/wp\/v2\/product_tag?post=5934"}],"curies":[{"name":"wp","href":"https:\/\/api.w.org\/{rel}","templated":true}]}}