{"id":5932,"date":"2020-09-23T19:47:36","date_gmt":"2020-09-23T18:02:36","guid":{"rendered":"https:\/\/restauranteasturianolagalana.es\/product\/steak-tartare-de-cerf-avec-tartines-de-pain-de-campagne\/"},"modified":"2024-09-24T12:20:08","modified_gmt":"2024-09-24T10:20:08","slug":"steak-tartare-de-cerf-avec-tartines-de-pain-de-campagne","status":"publish","type":"product","link":"https:\/\/restauranteasturianolagalana.es\/fr\/producto\/steak-tartare-de-cerf-avec-tartines-de-pain-de-campagne\/","title":{"rendered":"Steak tartare de cerf avec tartines de pain de campagne"},"content":{"rendered":"<div class=\"list list-5ed7592ba268e bullet \">\n<ul>\n<li>Surlonge de cerf<\/li>\n<li>Moutarde<\/li>\n<li>Oignon rouge<\/li>\n<li>Cornichons<\/li>\n<li>C\u00e2pres<\/li>\n<li>Ketchup<\/li>\n<li>Sauce perrins<\/li>\n<li>Sriracha<\/li>\n<li>Sel, huile, citron vert<\/li>\n<li>Farine de ma\u00efs<\/li>\n<li>Farine d&rsquo;\u00e9peautre<\/li>\n<\/ul>\n<\/div>\n","protected":false},"excerpt":{"rendered":"<p>Surlonge de cerf Moutarde Oignon rouge Cornichons C\u00e2pres Ketchup Sauce perrins Sriracha Sel, huile, citron vert Farine de ma\u00efs Farine d&rsquo;\u00e9peautre<\/p>\n","protected":false},"featured_media":4409,"template":"","meta":[],"product_brand":[],"product_cat":[214],"product_tag":[],"class_list":{"0":"post-5932","1":"product","2":"type-product","3":"status-publish","4":"has-post-thumbnail","6":"product_cat-lhiver","8":"first","9":"instock","10":"taxable","11":"shipping-taxable","12":"purchasable","13":"product-type-simple"},"_links":{"self":[{"href":"https:\/\/restauranteasturianolagalana.es\/fr\/wp-json\/wp\/v2\/product\/5932","targetHints":{"allow":["GET"]}}],"collection":[{"href":"https:\/\/restauranteasturianolagalana.es\/fr\/wp-json\/wp\/v2\/product"}],"about":[{"href":"https:\/\/restauranteasturianolagalana.es\/fr\/wp-json\/wp\/v2\/types\/product"}],"wp:featuredmedia":[{"embeddable":true,"href":"https:\/\/restauranteasturianolagalana.es\/fr\/wp-json\/wp\/v2\/media\/4409"}],"wp:attachment":[{"href":"https:\/\/restauranteasturianolagalana.es\/fr\/wp-json\/wp\/v2\/media?parent=5932"}],"wp:term":[{"taxonomy":"product_brand","embeddable":true,"href":"https:\/\/restauranteasturianolagalana.es\/fr\/wp-json\/wp\/v2\/product_brand?post=5932"},{"taxonomy":"product_cat","embeddable":true,"href":"https:\/\/restauranteasturianolagalana.es\/fr\/wp-json\/wp\/v2\/product_cat?post=5932"},{"taxonomy":"product_tag","embeddable":true,"href":"https:\/\/restauranteasturianolagalana.es\/fr\/wp-json\/wp\/v2\/product_tag?post=5932"}],"curies":[{"name":"wp","href":"https:\/\/api.w.org\/{rel}","templated":true}]}}