{"id":5328,"date":"2020-05-26T12:00:38","date_gmt":"2020-05-26T10:00:38","guid":{"rendered":"https:\/\/restauranteasturianolagalana.es\/?post_type=product&#038;p=5328"},"modified":"2024-03-22T12:39:26","modified_gmt":"2024-03-22T11:39:26","slug":"salmorejo-de-cordoue-accompagnee-de-sa-glace-aux-olives-arbequines","status":"publish","type":"product","link":"https:\/\/restauranteasturianolagalana.es\/fr\/producto\/salmorejo-de-cordoue-accompagnee-de-sa-glace-aux-olives-arbequines\/","title":{"rendered":"Salmorejo de Cordoue accompagn\u00e9e de sa glace aux olives arbequines"},"content":{"rendered":"<div class=\"list list-5ed6be25e0b6a bullet \">\n<ul>\n<li>Tomate poire<\/li>\n<li>Ail<\/li>\n<li>Ouef dur<\/li>\n<li>Jambon ib\u00e9rique<\/li>\n<li>Glace \u00e0 l&rsquo;arbequine<\/li>\n<li>Lait condens\u00e9<\/li>\n<li>Biscotte<\/li>\n<li>Sel, vinaigre, huile<\/li>\n<\/ul>\n<\/div>\n","protected":false},"excerpt":{"rendered":"<p>Tomate poire Ail Ouef dur Jambon ib\u00e9rique Glace \u00e0 l&rsquo;arbequine Lait condens\u00e9 Biscotte Sel, vinaigre, huile<\/p>\n","protected":false},"featured_media":810,"template":"","meta":[],"product_brand":[],"product_cat":[220],"product_tag":[],"class_list":{"0":"post-5328","1":"product","2":"type-product","3":"status-publish","4":"has-post-thumbnail","6":"product_cat-printemp","8":"first","9":"instock","10":"taxable","11":"shipping-taxable","12":"purchasable","13":"product-type-simple"},"_links":{"self":[{"href":"https:\/\/restauranteasturianolagalana.es\/fr\/wp-json\/wp\/v2\/product\/5328","targetHints":{"allow":["GET"]}}],"collection":[{"href":"https:\/\/restauranteasturianolagalana.es\/fr\/wp-json\/wp\/v2\/product"}],"about":[{"href":"https:\/\/restauranteasturianolagalana.es\/fr\/wp-json\/wp\/v2\/types\/product"}],"wp:featuredmedia":[{"embeddable":true,"href":"https:\/\/restauranteasturianolagalana.es\/fr\/wp-json\/wp\/v2\/media\/810"}],"wp:attachment":[{"href":"https:\/\/restauranteasturianolagalana.es\/fr\/wp-json\/wp\/v2\/media?parent=5328"}],"wp:term":[{"taxonomy":"product_brand","embeddable":true,"href":"https:\/\/restauranteasturianolagalana.es\/fr\/wp-json\/wp\/v2\/product_brand?post=5328"},{"taxonomy":"product_cat","embeddable":true,"href":"https:\/\/restauranteasturianolagalana.es\/fr\/wp-json\/wp\/v2\/product_cat?post=5328"},{"taxonomy":"product_tag","embeddable":true,"href":"https:\/\/restauranteasturianolagalana.es\/fr\/wp-json\/wp\/v2\/product_tag?post=5328"}],"curies":[{"name":"wp","href":"https:\/\/api.w.org\/{rel}","templated":true}]}}