{"id":5188,"date":"2020-05-26T10:22:19","date_gmt":"2020-05-26T08:22:19","guid":{"rendered":"https:\/\/restauranteasturianolagalana.es\/?post_type=product&#038;p=5188"},"modified":"2026-03-23T09:30:33","modified_gmt":"2026-03-23T08:30:33","slug":"assiette-de-fromages-asturiens-copia-2","status":"publish","type":"product","link":"https:\/\/restauranteasturianolagalana.es\/fr\/producto\/assiette-de-fromages-asturiens-copia-2\/","title":{"rendered":"Fromages asturiens"},"content":{"rendered":"<div class=\"vc_row wpb_row vc_inner row vc_custom_1577697363335 mpc-row\">\n<div class=\"wpb_column vc_column_container vc_col-sm-6 mpc-column\" data-column-id=\"mpc_column-725ed6b8018542f\">\n<div class=\"vc_column-inner \">\n<div class=\"wpb_wrapper\">\n<div class=\"list list-5ed6b8018535d bullet \">\n<ul>\n<li>Cabrales<\/li>\n<li>Gamon\u00e9u<\/li>\n<li>Geo de Lazana<\/li>\n<li>Rey Silo de magaya de sidra<\/li>\n<li>Var\u00e9<\/li>\n<li>Ahumado de Pr\u00eda rojo<\/li>\n<li>Picos de Europa<\/li>\n<\/ul>\n<\/div>\n<\/div>\n<\/div>\n<\/div>\n<div class=\"wpb_column vc_column_container vc_col-sm-6 mpc-column\" data-column-id=\"mpc_column-205ed6b801856cc\">\n<div class=\"vc_column-inner \">\n<div class=\"wpb_wrapper\">\n<div class=\"list list-5ed6b80185612 bullet \">\n<ul>\n<li>Sultanines<\/li>\n<li>Coing<\/li>\n<li>Amandes<\/li>\n<li>Noyer<\/li>\n<li>Noisettes<\/li>\n<li>Abricots<\/li>\n<li>Pistache<\/li>\n<\/ul>\n<\/div>\n<\/div>\n<\/div>\n<\/div>\n<\/div>\n","protected":false},"excerpt":{"rendered":"<p>Cabrales Gamon\u00e9u Geo de Lazana Rey Silo de magaya de sidra Var\u00e9 Ahumado de Pr\u00eda rojo Picos de Europa Sultanines Coing Amandes Noyer Noisettes Abricots Pistache<\/p>\n","protected":false},"featured_media":668,"template":"","meta":[],"product_brand":[],"product_cat":[179],"product_tag":[],"class_list":{"0":"post-5188","1":"product","2":"type-product","3":"status-publish","4":"has-post-thumbnail","6":"product_cat-tapas-fr-2","8":"first","9":"outofstock","10":"taxable","11":"shipping-taxable","12":"purchasable","13":"product-type-simple"},"_links":{"self":[{"href":"https:\/\/restauranteasturianolagalana.es\/fr\/wp-json\/wp\/v2\/product\/5188","targetHints":{"allow":["GET"]}}],"collection":[{"href":"https:\/\/restauranteasturianolagalana.es\/fr\/wp-json\/wp\/v2\/product"}],"about":[{"href":"https:\/\/restauranteasturianolagalana.es\/fr\/wp-json\/wp\/v2\/types\/product"}],"wp:featuredmedia":[{"embeddable":true,"href":"https:\/\/restauranteasturianolagalana.es\/fr\/wp-json\/wp\/v2\/media\/668"}],"wp:attachment":[{"href":"https:\/\/restauranteasturianolagalana.es\/fr\/wp-json\/wp\/v2\/media?parent=5188"}],"wp:term":[{"taxonomy":"product_brand","embeddable":true,"href":"https:\/\/restauranteasturianolagalana.es\/fr\/wp-json\/wp\/v2\/product_brand?post=5188"},{"taxonomy":"product_cat","embeddable":true,"href":"https:\/\/restauranteasturianolagalana.es\/fr\/wp-json\/wp\/v2\/product_cat?post=5188"},{"taxonomy":"product_tag","embeddable":true,"href":"https:\/\/restauranteasturianolagalana.es\/fr\/wp-json\/wp\/v2\/product_tag?post=5188"}],"curies":[{"name":"wp","href":"https:\/\/api.w.org\/{rel}","templated":true}]}}