{"id":5012,"date":"2020-12-18T10:45:47","date_gmt":"2020-12-18T09:45:47","guid":{"rendered":"https:\/\/restauranteasturianolagalana.es\/product\/travers-de-porc-iberique-50-race-duroc-rotis-a-basse-temperature-avec-chimichurri-et-mayonnaise\/"},"modified":"2024-02-23T11:00:46","modified_gmt":"2024-02-23T10:00:46","slug":"travers-de-porc-iberique-50-race-duroc-rotis-a-basse-temperature-avec-chimichurri-et-mayonnaise","status":"publish","type":"product","link":"https:\/\/restauranteasturianolagalana.es\/fr\/producto\/travers-de-porc-iberique-50-race-duroc-rotis-a-basse-temperature-avec-chimichurri-et-mayonnaise\/","title":{"rendered":"Travers de porc ib\u00e9rique (50% race Duroc) r\u00f4tis \u00e0 basse temp\u00e9rature avec chimichurri"},"content":{"rendered":"","protected":false},"excerpt":{"rendered":"<\/p>\n","protected":false},"featured_media":5132,"template":"","meta":[],"product_brand":[],"product_cat":[172],"product_tag":[],"class_list":{"0":"post-5012","1":"product","2":"type-product","3":"status-publish","4":"has-post-thumbnail","6":"product_cat-viandes","8":"first","9":"instock","10":"taxable","11":"shipping-taxable","12":"purchasable","13":"product-type-simple"},"_links":{"self":[{"href":"https:\/\/restauranteasturianolagalana.es\/fr\/wp-json\/wp\/v2\/product\/5012","targetHints":{"allow":["GET"]}}],"collection":[{"href":"https:\/\/restauranteasturianolagalana.es\/fr\/wp-json\/wp\/v2\/product"}],"about":[{"href":"https:\/\/restauranteasturianolagalana.es\/fr\/wp-json\/wp\/v2\/types\/product"}],"wp:featuredmedia":[{"embeddable":true,"href":"https:\/\/restauranteasturianolagalana.es\/fr\/wp-json\/wp\/v2\/media\/5132"}],"wp:attachment":[{"href":"https:\/\/restauranteasturianolagalana.es\/fr\/wp-json\/wp\/v2\/media?parent=5012"}],"wp:term":[{"taxonomy":"product_brand","embeddable":true,"href":"https:\/\/restauranteasturianolagalana.es\/fr\/wp-json\/wp\/v2\/product_brand?post=5012"},{"taxonomy":"product_cat","embeddable":true,"href":"https:\/\/restauranteasturianolagalana.es\/fr\/wp-json\/wp\/v2\/product_cat?post=5012"},{"taxonomy":"product_tag","embeddable":true,"href":"https:\/\/restauranteasturianolagalana.es\/fr\/wp-json\/wp\/v2\/product_tag?post=5012"}],"curies":[{"name":"wp","href":"https:\/\/api.w.org\/{rel}","templated":true}]}}