{"id":4715,"date":"2020-05-26T10:24:03","date_gmt":"2021-06-25T09:13:03","guid":{"rendered":"https:\/\/restauranteasturianolagalana.es\/?post_type=product&#038;p=4715"},"modified":"2021-09-25T00:09:03","modified_gmt":"2021-09-24T22:09:03","slug":"panache-de-tartelettes-de-mais-boudin-hache-viande-de-porc-hachee-et-oeuf-au-plat-copia","status":"publish","type":"product","link":"https:\/\/restauranteasturianolagalana.es\/fr\/producto\/panache-de-tartelettes-de-mais-boudin-hache-viande-de-porc-hachee-et-oeuf-au-plat-copia\/","title":{"rendered":"Panach\u00e9 de tartines de pain de ma\u00efs"},"content":{"rendered":"<div class=\"list list-5f06fcadaa44a bullet \">\n<ul>\n<li>Hachis de viande de porc \u00e9pic\u00e9e<\/li>\n<li>Oeuf<\/li>\n<li>Boudin noir hach\u00e9 \u00ab\u00a0Matachana\u00a0\u00bb<\/li>\n<li>Guacamole<\/li>\n<li>Sel huile<\/li>\n<\/ul>\n<p><strong>Pour la tartelette<\/strong>: Farine de ma\u00efs, farine de bl\u00e9, sel et eau<\/p>\n<\/div>\n","protected":false},"excerpt":{"rendered":"<p>Hachis de viande de porc \u00e9pic\u00e9e Oeuf Boudin noir hach\u00e9 \u00ab\u00a0Matachana\u00a0\u00bb Guacamole Sel huile Pour la tartelette: Farine de ma\u00efs, farine de bl\u00e9, sel et eau<\/p>\n","protected":false},"featured_media":4793,"template":"","meta":[],"product_brand":[],"product_cat":[168,179],"product_tag":[],"class_list":{"0":"post-4715","1":"product","2":"type-product","3":"status-publish","4":"has-post-thumbnail","6":"product_cat-tapas-fr","7":"product_cat-tapas-fr-2","9":"first","10":"instock","11":"taxable","12":"shipping-taxable","13":"purchasable","14":"product-type-simple"},"_links":{"self":[{"href":"https:\/\/restauranteasturianolagalana.es\/fr\/wp-json\/wp\/v2\/product\/4715","targetHints":{"allow":["GET"]}}],"collection":[{"href":"https:\/\/restauranteasturianolagalana.es\/fr\/wp-json\/wp\/v2\/product"}],"about":[{"href":"https:\/\/restauranteasturianolagalana.es\/fr\/wp-json\/wp\/v2\/types\/product"}],"wp:featuredmedia":[{"embeddable":true,"href":"https:\/\/restauranteasturianolagalana.es\/fr\/wp-json\/wp\/v2\/media\/4793"}],"wp:attachment":[{"href":"https:\/\/restauranteasturianolagalana.es\/fr\/wp-json\/wp\/v2\/media?parent=4715"}],"wp:term":[{"taxonomy":"product_brand","embeddable":true,"href":"https:\/\/restauranteasturianolagalana.es\/fr\/wp-json\/wp\/v2\/product_brand?post=4715"},{"taxonomy":"product_cat","embeddable":true,"href":"https:\/\/restauranteasturianolagalana.es\/fr\/wp-json\/wp\/v2\/product_cat?post=4715"},{"taxonomy":"product_tag","embeddable":true,"href":"https:\/\/restauranteasturianolagalana.es\/fr\/wp-json\/wp\/v2\/product_tag?post=4715"}],"curies":[{"name":"wp","href":"https:\/\/api.w.org\/{rel}","templated":true}]}}