{"id":4594,"date":"2020-12-18T10:46:44","date_gmt":"2020-12-18T09:46:45","guid":{"rendered":"https:\/\/restauranteasturianolagalana.es\/?post_type=product&#038;p=4594"},"modified":"2022-12-23T09:26:54","modified_gmt":"2022-12-23T08:26:54","slug":"tartare-de-bifteck-de-chevreuil-avec-galettes-de-pain-depeautre-copia","status":"publish","type":"product","link":"https:\/\/restauranteasturianolagalana.es\/fr\/producto\/tartare-de-bifteck-de-chevreuil-avec-galettes-de-pain-depeautre-copia\/","title":{"rendered":"Steak tartare de cerf avec tartines de pain de campagne"},"content":{"rendered":"<div class=\"vc_row wpb_row vc_inner row mpc-row\">\n<div class=\"wpb_column vc_column_container vc_col-sm-6 mpc-column\" data-column-id=\"mpc_column-655ed6b801888af\">\n<div class=\"vc_column-inner \">\n<div class=\"wpb_wrapper\">\n<div class=\"list list-5ed6b801887d5 bullet \">\n<ul>\n<li>Surlonge de chevreuil<\/li>\n<li>Moutarde<\/li>\n<li>Oignon rouge<\/li>\n<li>Cornichons<\/li>\n<li>C\u00e2pres<\/li>\n<li>Ketchup<\/li>\n<li>Sauce Perrins<\/li>\n<\/ul>\n<\/div>\n<\/div>\n<\/div>\n<\/div>\n<div class=\"wpb_column vc_column_container vc_col-sm-6 mpc-column\" data-column-id=\"mpc_column-345ed6b80188b36\">\n<div class=\"vc_column-inner \">\n<div class=\"wpb_wrapper\">\n<div class=\"list list-5ed6b80188a8a bullet \">\n<ul>\n<li>Sriracha<\/li>\n<li>Sel<\/li>\n<li>P\u00e9trole<\/li>\n<li>Farine de ma\u00efs<\/li>\n<li>Farine d&rsquo;\u00e9peautre<\/li>\n<li>Citron vert<\/li>\n<li>Cr\u00e8me<\/li>\n<li>Noix<\/li>\n<\/ul>\n<\/div>\n<\/div>\n<\/div>\n<\/div>\n<\/div>\n","protected":false},"excerpt":{"rendered":"<p>Surlonge de chevreuil Moutarde Oignon rouge Cornichons C\u00e2pres Ketchup Sauce Perrins Sriracha Sel P\u00e9trole Farine de ma\u00efs Farine d&rsquo;\u00e9peautre Citron vert Cr\u00e8me Noix<\/p>\n","protected":false},"featured_media":4409,"template":"","meta":[],"product_brand":[],"product_cat":[214],"product_tag":[],"class_list":{"0":"post-4594","1":"product","2":"type-product","3":"status-publish","4":"has-post-thumbnail","6":"product_cat-lhiver","8":"first","9":"outofstock","10":"taxable","11":"shipping-taxable","12":"purchasable","13":"product-type-simple"},"_links":{"self":[{"href":"https:\/\/restauranteasturianolagalana.es\/fr\/wp-json\/wp\/v2\/product\/4594","targetHints":{"allow":["GET"]}}],"collection":[{"href":"https:\/\/restauranteasturianolagalana.es\/fr\/wp-json\/wp\/v2\/product"}],"about":[{"href":"https:\/\/restauranteasturianolagalana.es\/fr\/wp-json\/wp\/v2\/types\/product"}],"wp:featuredmedia":[{"embeddable":true,"href":"https:\/\/restauranteasturianolagalana.es\/fr\/wp-json\/wp\/v2\/media\/4409"}],"wp:attachment":[{"href":"https:\/\/restauranteasturianolagalana.es\/fr\/wp-json\/wp\/v2\/media?parent=4594"}],"wp:term":[{"taxonomy":"product_brand","embeddable":true,"href":"https:\/\/restauranteasturianolagalana.es\/fr\/wp-json\/wp\/v2\/product_brand?post=4594"},{"taxonomy":"product_cat","embeddable":true,"href":"https:\/\/restauranteasturianolagalana.es\/fr\/wp-json\/wp\/v2\/product_cat?post=4594"},{"taxonomy":"product_tag","embeddable":true,"href":"https:\/\/restauranteasturianolagalana.es\/fr\/wp-json\/wp\/v2\/product_tag?post=4594"}],"curies":[{"name":"wp","href":"https:\/\/api.w.org\/{rel}","templated":true}]}}