{"id":4505,"date":"2020-12-18T10:42:11","date_gmt":"2020-12-18T09:42:11","guid":{"rendered":"https:\/\/restauranteasturianolagalana.es\/product\/cannellonis-de-bourguignon-de-sanglier-gratines-au-fromage-asturien-vare\/"},"modified":"2022-12-23T09:30:09","modified_gmt":"2022-12-23T08:30:09","slug":"cannellonis-de-bourguignon-de-sanglier-gratines-au-fromage-asturien-vare","status":"publish","type":"product","link":"https:\/\/restauranteasturianolagalana.es\/fr\/producto\/cannellonis-de-bourguignon-de-sanglier-gratines-au-fromage-asturien-vare\/","title":{"rendered":"Cannellonis farcis \u00e0 la viande hach\u00e9e de gibier gratin\u00e9s au fromage asturien Var\u00e9"},"content":{"rendered":"<div class=\"vc_row wpb_row vc_inner row mpc-row\">\n<div class=\"wpb_column vc_column_container vc_col-sm-6 mpc-column\" data-column-id=\"mpc_column-865ed6c19a88dd7\">\n<div class=\"vc_column-inner \">\n<div class=\"wpb_wrapper\">\n<div class=\"list list-5ed6c19a88ce3 bullet \">\n<ul>\n<li>Cannellonis<\/li>\n<li>Sanglier<\/li>\n<li>Lait<\/li>\n<li>Beurre<\/li>\n<li>Farine<\/li>\n<li>Carotte<\/li>\n<\/ul>\n<\/div>\n<\/div>\n<\/div>\n<\/div>\n<div class=\"wpb_column vc_column_container vc_col-sm-6 mpc-column\" data-column-id=\"mpc_column-365ed6c19a89058\">\n<div class=\"vc_column-inner \">\n<div class=\"wpb_wrapper\">\n<div class=\"list list-5ed6c19a88fad bullet \">\n<ul>\n<li>Navet<\/li>\n<li>C\u00e9leri<\/li>\n<li>Courgette<\/li>\n<li>Fromage r\u00e2p\u00e9<\/li>\n<li>Sauce tomate<\/li>\n<\/ul>\n<\/div>\n<\/div>\n<\/div>\n<\/div>\n<\/div>\n","protected":false},"excerpt":{"rendered":"<p>Cannellonis Sanglier Lait Beurre Farine Carotte Navet C\u00e9leri Courgette Fromage r\u00e2p\u00e9 Sauce tomate<\/p>\n","protected":false},"featured_media":992,"template":"","meta":[],"product_brand":[],"product_cat":[214],"product_tag":[],"class_list":{"0":"post-4505","1":"product","2":"type-product","3":"status-publish","4":"has-post-thumbnail","6":"product_cat-lhiver","8":"first","9":"outofstock","10":"taxable","11":"shipping-taxable","12":"purchasable","13":"product-type-simple"},"_links":{"self":[{"href":"https:\/\/restauranteasturianolagalana.es\/fr\/wp-json\/wp\/v2\/product\/4505","targetHints":{"allow":["GET"]}}],"collection":[{"href":"https:\/\/restauranteasturianolagalana.es\/fr\/wp-json\/wp\/v2\/product"}],"about":[{"href":"https:\/\/restauranteasturianolagalana.es\/fr\/wp-json\/wp\/v2\/types\/product"}],"wp:featuredmedia":[{"embeddable":true,"href":"https:\/\/restauranteasturianolagalana.es\/fr\/wp-json\/wp\/v2\/media\/992"}],"wp:attachment":[{"href":"https:\/\/restauranteasturianolagalana.es\/fr\/wp-json\/wp\/v2\/media?parent=4505"}],"wp:term":[{"taxonomy":"product_brand","embeddable":true,"href":"https:\/\/restauranteasturianolagalana.es\/fr\/wp-json\/wp\/v2\/product_brand?post=4505"},{"taxonomy":"product_cat","embeddable":true,"href":"https:\/\/restauranteasturianolagalana.es\/fr\/wp-json\/wp\/v2\/product_cat?post=4505"},{"taxonomy":"product_tag","embeddable":true,"href":"https:\/\/restauranteasturianolagalana.es\/fr\/wp-json\/wp\/v2\/product_tag?post=4505"}],"curies":[{"name":"wp","href":"https:\/\/api.w.org\/{rel}","templated":true}]}}