{"id":4206,"date":"2020-05-26T12:42:23","date_gmt":"2020-05-26T10:51:23","guid":{"rendered":"https:\/\/restauranteasturianolagalana.es\/product\/hamburger-de-cote-de-boeuf-asturien-emincee\/"},"modified":"2025-06-20T20:38:51","modified_gmt":"2025-06-20T18:38:51","slug":"hamburger-de-cote-de-boeuf-asturien-emincee","status":"publish","type":"product","link":"https:\/\/restauranteasturianolagalana.es\/fr\/producto\/hamburger-de-cote-de-boeuf-asturien-emincee\/","title":{"rendered":"Hamburger de c\u00f4te de boeuf"},"content":{"rendered":"<div class=\"list list-5ed6b80187746 bullet \">\n<ul>\n<li>Picada de chulet\u00f3n<\/li>\n<li>Pain \u00e0 hamburger<\/li>\n<li>Oeuf<\/li>\n<li>Oignon rouge<\/li>\n<li>Viande de gibier<\/li>\n<li>Fromage fum\u00e9 de pria<\/li>\n<li>Roquette<\/li>\n<li>Pomme de terre<\/li>\n<li>Siracha<\/li>\n<li>\u00c9mulsion chimichurri<\/li>\n<\/ul>\n<\/div>\n","protected":false},"excerpt":{"rendered":"<p>Picada de chulet\u00f3n Pain \u00e0 hamburger Oeuf Oignon rouge Viande de gibier Fromage fum\u00e9 de pria Roquette Pomme de terre Siracha \u00c9mulsion chimichurri<\/p>\n","protected":false},"featured_media":826,"template":"","meta":[],"product_brand":[],"product_cat":[479],"product_tag":[],"class_list":{"0":"post-4206","1":"product","2":"type-product","3":"status-publish","4":"has-post-thumbnail","6":"product_cat-viande-asturienne-roxa","8":"first","9":"outofstock","10":"taxable","11":"shipping-taxable","12":"purchasable","13":"product-type-simple"},"_links":{"self":[{"href":"https:\/\/restauranteasturianolagalana.es\/fr\/wp-json\/wp\/v2\/product\/4206","targetHints":{"allow":["GET"]}}],"collection":[{"href":"https:\/\/restauranteasturianolagalana.es\/fr\/wp-json\/wp\/v2\/product"}],"about":[{"href":"https:\/\/restauranteasturianolagalana.es\/fr\/wp-json\/wp\/v2\/types\/product"}],"wp:featuredmedia":[{"embeddable":true,"href":"https:\/\/restauranteasturianolagalana.es\/fr\/wp-json\/wp\/v2\/media\/826"}],"wp:attachment":[{"href":"https:\/\/restauranteasturianolagalana.es\/fr\/wp-json\/wp\/v2\/media?parent=4206"}],"wp:term":[{"taxonomy":"product_brand","embeddable":true,"href":"https:\/\/restauranteasturianolagalana.es\/fr\/wp-json\/wp\/v2\/product_brand?post=4206"},{"taxonomy":"product_cat","embeddable":true,"href":"https:\/\/restauranteasturianolagalana.es\/fr\/wp-json\/wp\/v2\/product_cat?post=4206"},{"taxonomy":"product_tag","embeddable":true,"href":"https:\/\/restauranteasturianolagalana.es\/fr\/wp-json\/wp\/v2\/product_tag?post=4206"}],"curies":[{"name":"wp","href":"https:\/\/api.w.org\/{rel}","templated":true}]}}