{"id":4034,"date":"2020-05-26T12:48:56","date_gmt":"2020-05-26T10:48:56","guid":{"rendered":"https:\/\/restauranteasturianolagalana.es\/product\/poulet-fermier-thai-et-nouilles-sautees-avec-legumes\/"},"modified":"2020-05-26T12:48:56","modified_gmt":"2020-05-26T10:48:56","slug":"poulet-fermier-thai-et-nouilles-sautees-avec-legumes","status":"publish","type":"product","link":"https:\/\/restauranteasturianolagalana.es\/fr\/producto\/poulet-fermier-thai-et-nouilles-sautees-avec-legumes\/","title":{"rendered":"Poulet fermier thai et nouilles saut\u00e9es avec l\u00e9gumes"},"content":{"rendered":"<div class=\"list list-5f0c2d6c0bbad  bullet  \">\n<ul>\n<li>Blanc de poulet<\/li>\n<li>Ma\u00efzena<\/li>\n<li>Noodles<\/li>\n<li>Oignon<\/li>\n<li>Carotte<\/li>\n<li>Lime<\/li>\n<li>Sauce soja<\/li>\n<li>Sauce aigre-douce<\/li>\n<li>Huile de s\u00e9same<\/li>\n<li>Gingembre, coriandre, sriracha, grain de s\u00e9same,poivre<\/li>\n<\/ul>\n<\/div>\n","protected":false},"excerpt":{"rendered":"<p>Blanc de poulet Ma\u00efzena Noodles Oignon Carotte Lime Sauce soja Sauce aigre-douce Huile de s\u00e9same Gingembre, coriandre, sriracha, grain de s\u00e9same,poivre<\/p>\n","protected":false},"featured_media":760,"template":"","meta":[],"product_brand":[],"product_cat":[172],"product_tag":[],"class_list":{"0":"post-4034","1":"product","2":"type-product","3":"status-publish","4":"has-post-thumbnail","6":"product_cat-viandes","8":"first","9":"instock","10":"taxable","11":"shipping-taxable","12":"purchasable","13":"product-type-simple"},"_links":{"self":[{"href":"https:\/\/restauranteasturianolagalana.es\/fr\/wp-json\/wp\/v2\/product\/4034","targetHints":{"allow":["GET"]}}],"collection":[{"href":"https:\/\/restauranteasturianolagalana.es\/fr\/wp-json\/wp\/v2\/product"}],"about":[{"href":"https:\/\/restauranteasturianolagalana.es\/fr\/wp-json\/wp\/v2\/types\/product"}],"wp:featuredmedia":[{"embeddable":true,"href":"https:\/\/restauranteasturianolagalana.es\/fr\/wp-json\/wp\/v2\/media\/760"}],"wp:attachment":[{"href":"https:\/\/restauranteasturianolagalana.es\/fr\/wp-json\/wp\/v2\/media?parent=4034"}],"wp:term":[{"taxonomy":"product_brand","embeddable":true,"href":"https:\/\/restauranteasturianolagalana.es\/fr\/wp-json\/wp\/v2\/product_brand?post=4034"},{"taxonomy":"product_cat","embeddable":true,"href":"https:\/\/restauranteasturianolagalana.es\/fr\/wp-json\/wp\/v2\/product_cat?post=4034"},{"taxonomy":"product_tag","embeddable":true,"href":"https:\/\/restauranteasturianolagalana.es\/fr\/wp-json\/wp\/v2\/product_tag?post=4034"}],"curies":[{"name":"wp","href":"https:\/\/api.w.org\/{rel}","templated":true}]}}