{"id":4030,"date":"2020-05-26T12:42:56","date_gmt":"2020-05-26T10:42:56","guid":{"rendered":"https:\/\/restauranteasturianolagalana.es\/product\/entrecote-de-boeuf-desossee-grillee\/"},"modified":"2025-06-20T20:33:11","modified_gmt":"2025-06-20T18:33:11","slug":"entrecote-de-boeuf-desossee-grillee","status":"publish","type":"product","link":"https:\/\/restauranteasturianolagalana.es\/fr\/producto\/entrecote-de-boeuf-desossee-grillee\/","title":{"rendered":"Entrec\u00f4te d\u00e9soss\u00e9e"},"content":{"rendered":"<div class=\"list list-5ed6c66c6be23 bullet \">\n<ul>\n<li>Dossier haut<\/li>\n<li>Pommes de terre<\/li>\n<li>Vin rouge<\/li>\n<li>Mezclum<\/li>\n<li>Sel de Maldon<\/li>\n<\/ul>\n<\/div>\n","protected":false},"excerpt":{"rendered":"<p>Dossier haut Pommes de terre Vin rouge Mezclum Sel de Maldon<\/p>\n","protected":false},"featured_media":692,"template":"","meta":[],"product_brand":[],"product_cat":[479],"product_tag":[],"class_list":{"0":"post-4030","1":"product","2":"type-product","3":"status-publish","4":"has-post-thumbnail","6":"product_cat-viande-asturienne-roxa","8":"first","9":"instock","10":"taxable","11":"shipping-taxable","12":"purchasable","13":"product-type-simple"},"_links":{"self":[{"href":"https:\/\/restauranteasturianolagalana.es\/fr\/wp-json\/wp\/v2\/product\/4030","targetHints":{"allow":["GET"]}}],"collection":[{"href":"https:\/\/restauranteasturianolagalana.es\/fr\/wp-json\/wp\/v2\/product"}],"about":[{"href":"https:\/\/restauranteasturianolagalana.es\/fr\/wp-json\/wp\/v2\/types\/product"}],"wp:featuredmedia":[{"embeddable":true,"href":"https:\/\/restauranteasturianolagalana.es\/fr\/wp-json\/wp\/v2\/media\/692"}],"wp:attachment":[{"href":"https:\/\/restauranteasturianolagalana.es\/fr\/wp-json\/wp\/v2\/media?parent=4030"}],"wp:term":[{"taxonomy":"product_brand","embeddable":true,"href":"https:\/\/restauranteasturianolagalana.es\/fr\/wp-json\/wp\/v2\/product_brand?post=4030"},{"taxonomy":"product_cat","embeddable":true,"href":"https:\/\/restauranteasturianolagalana.es\/fr\/wp-json\/wp\/v2\/product_cat?post=4030"},{"taxonomy":"product_tag","embeddable":true,"href":"https:\/\/restauranteasturianolagalana.es\/fr\/wp-json\/wp\/v2\/product_tag?post=4030"}],"curies":[{"name":"wp","href":"https:\/\/api.w.org\/{rel}","templated":true}]}}