{"id":4029,"date":"2020-05-26T12:50:19","date_gmt":"2020-05-26T10:45:19","guid":{"rendered":"https:\/\/restauranteasturianolagalana.es\/product\/brochette-de-chateaubriand-bacon-et-legumes-a-la-sauce-romesco-2\/"},"modified":"2025-06-25T11:10:59","modified_gmt":"2025-06-25T09:10:59","slug":"brochette-de-chateaubriand-bacon-et-legumes-a-la-sauce-romesco-2","status":"publish","type":"product","link":"https:\/\/restauranteasturianolagalana.es\/fr\/producto\/brochette-de-chateaubriand-bacon-et-legumes-a-la-sauce-romesco-2\/","title":{"rendered":"Pav\u00e9 en brochette, lard et l\u00e9gumes r\u00f4tis"},"content":{"rendered":"<div class=\"vc_row wpb_row vc_inner row vc_custom_1577702056164 mpc-row\">\n<div class=\"wpb_column vc_column_container vc_col-sm-6 mpc-column\" data-column-id=\"mpc_column-305ed6c66c68a58\">\n<div class=\"vc_column-inner \">\n<div class=\"wpb_wrapper\">\n<div class=\"list list-5ed6c66c68941 bullet \">\n<ul>\n<li>Filet mignon<\/li>\n<li>Lard<\/li>\n<li>Poivron vert<\/li>\n<li>Poivron rouge<\/li>\n<li>Pur\u00e9e de pomme de terre<\/li>\n<\/ul>\n<\/div>\n<\/div>\n<\/div>\n<\/div>\n<div class=\"wpb_column vc_column_container vc_col-sm-6 mpc-column\" data-column-id=\"mpc_column-595ed6c66c6ac67\">\n<div class=\"vc_column-inner \">\n<div class=\"wpb_wrapper\">\n<div class=\"list list-5ed6c66c68c27 bullet \">\n<ul>\n<li>Mezclum<\/li>\n<li>Salade mesclum<\/li>\n<li>Tomate cerise<\/li>\n<li>Huile, sel<\/li>\n<\/ul>\n<\/div>\n<\/div>\n<\/div>\n<\/div>\n<\/div>\n","protected":false},"excerpt":{"rendered":"<p>Filet mignon Lard Poivron vert Poivron rouge Pur\u00e9e de pomme de terre Mezclum Salade mesclum Tomate cerise Huile, sel<\/p>\n","protected":false},"featured_media":1003,"template":"","meta":[],"product_brand":[],"product_cat":[479],"product_tag":[],"class_list":{"0":"post-4029","1":"product","2":"type-product","3":"status-publish","4":"has-post-thumbnail","6":"product_cat-viande-asturienne-roxa","8":"first","9":"outofstock","10":"taxable","11":"shipping-taxable","12":"purchasable","13":"product-type-simple"},"_links":{"self":[{"href":"https:\/\/restauranteasturianolagalana.es\/fr\/wp-json\/wp\/v2\/product\/4029","targetHints":{"allow":["GET"]}}],"collection":[{"href":"https:\/\/restauranteasturianolagalana.es\/fr\/wp-json\/wp\/v2\/product"}],"about":[{"href":"https:\/\/restauranteasturianolagalana.es\/fr\/wp-json\/wp\/v2\/types\/product"}],"wp:featuredmedia":[{"embeddable":true,"href":"https:\/\/restauranteasturianolagalana.es\/fr\/wp-json\/wp\/v2\/media\/1003"}],"wp:attachment":[{"href":"https:\/\/restauranteasturianolagalana.es\/fr\/wp-json\/wp\/v2\/media?parent=4029"}],"wp:term":[{"taxonomy":"product_brand","embeddable":true,"href":"https:\/\/restauranteasturianolagalana.es\/fr\/wp-json\/wp\/v2\/product_brand?post=4029"},{"taxonomy":"product_cat","embeddable":true,"href":"https:\/\/restauranteasturianolagalana.es\/fr\/wp-json\/wp\/v2\/product_cat?post=4029"},{"taxonomy":"product_tag","embeddable":true,"href":"https:\/\/restauranteasturianolagalana.es\/fr\/wp-json\/wp\/v2\/product_tag?post=4029"}],"curies":[{"name":"wp","href":"https:\/\/api.w.org\/{rel}","templated":true}]}}