{"id":4026,"date":"2020-05-25T12:04:57","date_gmt":"2020-05-29T14:36:57","guid":{"rendered":"https:\/\/restauranteasturianolagalana.es\/product\/tataki-de-thon-rouge-a-la-sauce-au-soja-mousse-de-wasabi-et-suace-aigre-douce-2\/"},"modified":"2021-09-25T00:52:17","modified_gmt":"2021-09-24T22:52:17","slug":"tataki-de-thon-rouge-a-la-sauce-au-soja-mousse-de-wasabi-et-suace-aigre-douce-2","status":"publish","type":"product","link":"https:\/\/restauranteasturianolagalana.es\/fr\/producto\/tataki-de-thon-rouge-a-la-sauce-au-soja-mousse-de-wasabi-et-suace-aigre-douce-2\/","title":{"rendered":"Tataki de longe de thon rouge p\u00each\u00e9 \u00e0 l\u2019hame\u00e7on avec sauce soja et mousse wasabi"},"content":{"rendered":"<div class=\"list list-5f0c2082df333  bullet  \">\n<ul>\n<li>Thon rouge<\/li>\n<li>S\u00e9same<\/li>\n<li>Sauce soja<\/li>\n<li>Cr\u00e8me fra\u00eeche liquide<\/li>\n<li>Wasabi<\/li>\n<li>Sauce aigredouce<\/li>\n<li>Citron<\/li>\n<li>Huile de s\u00e9same<\/li>\n<li>Sel de maldon<\/li>\n<\/ul>\n<\/div>\n","protected":false},"excerpt":{"rendered":"<p>Thon rouge S\u00e9same Sauce soja Cr\u00e8me fra\u00eeche liquide Wasabi Sauce aigredouce Citron Huile de s\u00e9same Sel de maldon<\/p>\n","protected":false},"featured_media":6229,"template":"","meta":[],"product_brand":[],"product_cat":[86],"product_tag":[],"class_list":{"0":"post-4026","1":"product","2":"type-product","3":"status-publish","4":"has-post-thumbnail","6":"product_cat-sin-categorizar","8":"first","9":"instock","10":"taxable","11":"shipping-taxable","12":"purchasable","13":"product-type-simple"},"_links":{"self":[{"href":"https:\/\/restauranteasturianolagalana.es\/fr\/wp-json\/wp\/v2\/product\/4026","targetHints":{"allow":["GET"]}}],"collection":[{"href":"https:\/\/restauranteasturianolagalana.es\/fr\/wp-json\/wp\/v2\/product"}],"about":[{"href":"https:\/\/restauranteasturianolagalana.es\/fr\/wp-json\/wp\/v2\/types\/product"}],"wp:featuredmedia":[{"embeddable":true,"href":"https:\/\/restauranteasturianolagalana.es\/fr\/wp-json\/wp\/v2\/media\/6229"}],"wp:attachment":[{"href":"https:\/\/restauranteasturianolagalana.es\/fr\/wp-json\/wp\/v2\/media?parent=4026"}],"wp:term":[{"taxonomy":"product_brand","embeddable":true,"href":"https:\/\/restauranteasturianolagalana.es\/fr\/wp-json\/wp\/v2\/product_brand?post=4026"},{"taxonomy":"product_cat","embeddable":true,"href":"https:\/\/restauranteasturianolagalana.es\/fr\/wp-json\/wp\/v2\/product_cat?post=4026"},{"taxonomy":"product_tag","embeddable":true,"href":"https:\/\/restauranteasturianolagalana.es\/fr\/wp-json\/wp\/v2\/product_tag?post=4026"}],"curies":[{"name":"wp","href":"https:\/\/api.w.org\/{rel}","templated":true}]}}