{"id":3999,"date":"2020-05-26T12:20:49","date_gmt":"2020-05-26T09:56:49","guid":{"rendered":"https:\/\/restauranteasturianolagalana.es\/product\/oeufs-brouilles-pomme-de-terre-foie-gras-a-la-sauce-de-pedro-ximenez-2\/"},"modified":"2021-09-27T11:10:28","modified_gmt":"2021-09-27T09:10:28","slug":"oeufs-brouilles-pomme-de-terre-foie-gras-a-la-sauce-de-pedro-ximenez-2","status":"publish","type":"product","link":"https:\/\/restauranteasturianolagalana.es\/fr\/producto\/oeufs-brouilles-pomme-de-terre-foie-gras-a-la-sauce-de-pedro-ximenez-2\/","title":{"rendered":"Oeufs brouill\u00e9s, pomme de terre, foie gras \u00e0 la sauce de Pedro Xim\u00e9nez"},"content":{"rendered":"<div class=\"list list-5f06fcadb4a29 bullet \">\n<ul>\n<li>Foie<\/li>\n<li>Pomme de terre<\/li>\n<li>Oignon confit<\/li>\n<li>Oeuf<\/li>\n<li>Pedro Xim\u00e9nez<\/li>\n<li>Sel<\/li>\n<\/ul>\n<\/div>\n","protected":false},"excerpt":{"rendered":"<p>Foie Pomme de terre Oignon confit Oeuf Pedro Xim\u00e9nez Sel<\/p>\n","protected":false},"featured_media":963,"template":"","meta":[],"product_brand":[],"product_cat":[168],"product_tag":[],"class_list":{"0":"post-3999","1":"product","2":"type-product","3":"status-publish","4":"has-post-thumbnail","6":"product_cat-tapas-fr","8":"first","9":"instock","10":"taxable","11":"shipping-taxable","12":"purchasable","13":"product-type-simple"},"_links":{"self":[{"href":"https:\/\/restauranteasturianolagalana.es\/fr\/wp-json\/wp\/v2\/product\/3999","targetHints":{"allow":["GET"]}}],"collection":[{"href":"https:\/\/restauranteasturianolagalana.es\/fr\/wp-json\/wp\/v2\/product"}],"about":[{"href":"https:\/\/restauranteasturianolagalana.es\/fr\/wp-json\/wp\/v2\/types\/product"}],"wp:featuredmedia":[{"embeddable":true,"href":"https:\/\/restauranteasturianolagalana.es\/fr\/wp-json\/wp\/v2\/media\/963"}],"wp:attachment":[{"href":"https:\/\/restauranteasturianolagalana.es\/fr\/wp-json\/wp\/v2\/media?parent=3999"}],"wp:term":[{"taxonomy":"product_brand","embeddable":true,"href":"https:\/\/restauranteasturianolagalana.es\/fr\/wp-json\/wp\/v2\/product_brand?post=3999"},{"taxonomy":"product_cat","embeddable":true,"href":"https:\/\/restauranteasturianolagalana.es\/fr\/wp-json\/wp\/v2\/product_cat?post=3999"},{"taxonomy":"product_tag","embeddable":true,"href":"https:\/\/restauranteasturianolagalana.es\/fr\/wp-json\/wp\/v2\/product_tag?post=3999"}],"curies":[{"name":"wp","href":"https:\/\/api.w.org\/{rel}","templated":true}]}}