{"id":3995,"date":"2020-05-26T10:44:59","date_gmt":"2020-05-26T08:44:59","guid":{"rendered":"https:\/\/restauranteasturianolagalana.es\/product\/calamars-frits-2\/"},"modified":"2022-12-23T09:06:47","modified_gmt":"2022-12-23T08:06:47","slug":"calamars-frits-2","status":"publish","type":"product","link":"https:\/\/restauranteasturianolagalana.es\/fr\/producto\/calamars-frits-2\/","title":{"rendered":"Calamars p\u00each\u00e9s \u00e0 la ligne frits"},"content":{"rendered":"<div class=\"list list-5f06fcadafe35  bullet  \">\n<ul>\n<li>Calamars<\/li>\n<li>Citron<\/li>\n<li>Farine<\/li>\n<li>Salade mesclun<\/li>\n<li>Sel<\/li>\n<\/ul>\n<\/div>\n","protected":false},"excerpt":{"rendered":"<p>Calamars Citron Farine Salade mesclun Sel<\/p>\n","protected":false},"featured_media":786,"template":"","meta":[],"product_brand":[],"product_cat":[168],"product_tag":[],"class_list":{"0":"post-3995","1":"product","2":"type-product","3":"status-publish","4":"has-post-thumbnail","6":"product_cat-tapas-fr","8":"first","9":"instock","10":"taxable","11":"shipping-taxable","12":"purchasable","13":"product-type-simple"},"_links":{"self":[{"href":"https:\/\/restauranteasturianolagalana.es\/fr\/wp-json\/wp\/v2\/product\/3995","targetHints":{"allow":["GET"]}}],"collection":[{"href":"https:\/\/restauranteasturianolagalana.es\/fr\/wp-json\/wp\/v2\/product"}],"about":[{"href":"https:\/\/restauranteasturianolagalana.es\/fr\/wp-json\/wp\/v2\/types\/product"}],"wp:featuredmedia":[{"embeddable":true,"href":"https:\/\/restauranteasturianolagalana.es\/fr\/wp-json\/wp\/v2\/media\/786"}],"wp:attachment":[{"href":"https:\/\/restauranteasturianolagalana.es\/fr\/wp-json\/wp\/v2\/media?parent=3995"}],"wp:term":[{"taxonomy":"product_brand","embeddable":true,"href":"https:\/\/restauranteasturianolagalana.es\/fr\/wp-json\/wp\/v2\/product_brand?post=3995"},{"taxonomy":"product_cat","embeddable":true,"href":"https:\/\/restauranteasturianolagalana.es\/fr\/wp-json\/wp\/v2\/product_cat?post=3995"},{"taxonomy":"product_tag","embeddable":true,"href":"https:\/\/restauranteasturianolagalana.es\/fr\/wp-json\/wp\/v2\/product_tag?post=3995"}],"curies":[{"name":"wp","href":"https:\/\/api.w.org\/{rel}","templated":true}]}}