{"id":3944,"date":"2020-05-25T18:34:22","date_gmt":"2020-05-25T16:34:22","guid":{"rendered":"https:\/\/restauranteasturianolagalana.es\/product\/epaule-iberique\/"},"modified":"2024-03-01T12:47:48","modified_gmt":"2024-03-01T11:47:48","slug":"epaule-iberique","status":"publish","type":"product","link":"https:\/\/restauranteasturianolagalana.es\/fr\/producto\/epaule-iberique\/","title":{"rendered":"Jambon ib\u00e9rique"},"content":{"rendered":"<div class=\"list list-5f06f1bc80407 bullet \">\n<ul>\n<li>Jambon ib\u00e9rique<\/li>\n<li>Viande de boeuf s\u00e9ch\u00e9e<\/li>\n<li>Longe ib\u00e9rique<\/li>\n<li>Chorizo ib\u00e9rique<\/li>\n<li>Chorizo \u00ab\u00a0Tarabicu\u00a0\u00bb<\/li>\n<li>Saucisson ib\u00e9rique<\/li>\n<\/ul>\n<\/div>\n","protected":false},"excerpt":{"rendered":"<p>Jambon ib\u00e9rique Viande de boeuf s\u00e9ch\u00e9e Longe ib\u00e9rique Chorizo ib\u00e9rique Chorizo \u00ab\u00a0Tarabicu\u00a0\u00bb Saucisson ib\u00e9rique<\/p>\n","protected":false},"featured_media":770,"template":"","meta":[],"product_brand":[],"product_cat":[179],"product_tag":[],"class_list":{"0":"post-3944","1":"product","2":"type-product","3":"status-publish","4":"has-post-thumbnail","6":"product_cat-tapas-fr-2","8":"first","9":"instock","10":"taxable","11":"shipping-taxable","12":"purchasable","13":"product-type-simple"},"_links":{"self":[{"href":"https:\/\/restauranteasturianolagalana.es\/fr\/wp-json\/wp\/v2\/product\/3944","targetHints":{"allow":["GET"]}}],"collection":[{"href":"https:\/\/restauranteasturianolagalana.es\/fr\/wp-json\/wp\/v2\/product"}],"about":[{"href":"https:\/\/restauranteasturianolagalana.es\/fr\/wp-json\/wp\/v2\/types\/product"}],"wp:featuredmedia":[{"embeddable":true,"href":"https:\/\/restauranteasturianolagalana.es\/fr\/wp-json\/wp\/v2\/media\/770"}],"wp:attachment":[{"href":"https:\/\/restauranteasturianolagalana.es\/fr\/wp-json\/wp\/v2\/media?parent=3944"}],"wp:term":[{"taxonomy":"product_brand","embeddable":true,"href":"https:\/\/restauranteasturianolagalana.es\/fr\/wp-json\/wp\/v2\/product_brand?post=3944"},{"taxonomy":"product_cat","embeddable":true,"href":"https:\/\/restauranteasturianolagalana.es\/fr\/wp-json\/wp\/v2\/product_cat?post=3944"},{"taxonomy":"product_tag","embeddable":true,"href":"https:\/\/restauranteasturianolagalana.es\/fr\/wp-json\/wp\/v2\/product_tag?post=3944"}],"curies":[{"name":"wp","href":"https:\/\/api.w.org\/{rel}","templated":true}]}}