{"id":3943,"date":"2020-05-25T18:33:41","date_gmt":"2020-05-25T16:33:41","guid":{"rendered":"https:\/\/restauranteasturianolagalana.es\/product\/assiette-de-charcuterie\/"},"modified":"2022-12-23T09:00:39","modified_gmt":"2022-12-23T08:00:39","slug":"assiette-de-charcuterie","status":"publish","type":"product","link":"https:\/\/restauranteasturianolagalana.es\/fr\/producto\/assiette-de-charcuterie\/","title":{"rendered":"Assiette de charcuterie"},"content":{"rendered":"<div class=\"list list-5f06f1bc7f384 bullet \">\n<ul>\n<li>Jambon ib\u00e9rique<\/li>\n<li>Chorizo de Geras de Gord\u00f3n<\/li>\n<li>Longe de porc ib\u00e9rique<\/li>\n<li>Viande s\u00e9ch\u00e9e de boeuf&nbsp;<\/li>\n<\/ul>\n<\/div>\n","protected":false},"excerpt":{"rendered":"<p>Jambon ib\u00e9rique Chorizo de Geras de Gord\u00f3n Longe de porc ib\u00e9rique Viande s\u00e9ch\u00e9e de boeuf&nbsp;<\/p>\n","protected":false},"featured_media":768,"template":"","meta":[],"product_brand":[],"product_cat":[179],"product_tag":[],"class_list":{"0":"post-3943","1":"product","2":"type-product","3":"status-publish","4":"has-post-thumbnail","6":"product_cat-tapas-fr-2","8":"first","9":"instock","10":"taxable","11":"shipping-taxable","12":"purchasable","13":"product-type-simple"},"_links":{"self":[{"href":"https:\/\/restauranteasturianolagalana.es\/fr\/wp-json\/wp\/v2\/product\/3943","targetHints":{"allow":["GET"]}}],"collection":[{"href":"https:\/\/restauranteasturianolagalana.es\/fr\/wp-json\/wp\/v2\/product"}],"about":[{"href":"https:\/\/restauranteasturianolagalana.es\/fr\/wp-json\/wp\/v2\/types\/product"}],"wp:featuredmedia":[{"embeddable":true,"href":"https:\/\/restauranteasturianolagalana.es\/fr\/wp-json\/wp\/v2\/media\/768"}],"wp:attachment":[{"href":"https:\/\/restauranteasturianolagalana.es\/fr\/wp-json\/wp\/v2\/media?parent=3943"}],"wp:term":[{"taxonomy":"product_brand","embeddable":true,"href":"https:\/\/restauranteasturianolagalana.es\/fr\/wp-json\/wp\/v2\/product_brand?post=3943"},{"taxonomy":"product_cat","embeddable":true,"href":"https:\/\/restauranteasturianolagalana.es\/fr\/wp-json\/wp\/v2\/product_cat?post=3943"},{"taxonomy":"product_tag","embeddable":true,"href":"https:\/\/restauranteasturianolagalana.es\/fr\/wp-json\/wp\/v2\/product_tag?post=3943"}],"curies":[{"name":"wp","href":"https:\/\/api.w.org\/{rel}","templated":true}]}}